{"id":212,"date":"2020-10-27T16:13:06","date_gmt":"2020-10-27T08:13:06","guid":{"rendered":"https:\/\/blog.visual-paradigm.com\/de\/?page_id=212"},"modified":"2022-10-19T10:25:02","modified_gmt":"2022-10-19T02:25:02","slug":"elementor-212","status":"publish","type":"page","link":"https:\/\/blog.visual-paradigm.com\/de\/","title":{"rendered":"Home"},"content":{"rendered":"<div class=\"pt-cv-wrapper\"><div class=\"pt-cv-view pt-cv-grid pt-cv-colsys\" id=\"pt-cv-view-d319a2bm5h\"><div data-id=\"pt-cv-page-1\" class=\"pt-cv-page\" data-cvc=\"1\"><div class=\"col-md-12 col-sm-12 col-xs-12 pt-cv-content-item pt-cv-2-col\" ><div class='pt-cv-ifield'><a href=\"https:\/\/blog.visual-paradigm.com\/de\/how-to-view-powerpoint-online-in-a-web-browser\/\" class=\"_self pt-cv-href-thumbnail pt-cv-thumb-left\" target=\"_self\" ><img loading=\"lazy\" decoding=\"async\" width=\"300\" height=\"209\" src=\"https:\/\/blog.visual-paradigm.com\/de\/wp-content\/uploads\/sites\/12\/2026\/01\/Tools-editing-PPT-300x209.jpg\" class=\"pt-cv-thumbnail pull-left\" alt=\"\" srcset=\"https:\/\/blog.visual-paradigm.com\/de\/wp-content\/uploads\/sites\/12\/2026\/01\/Tools-editing-PPT-300x209.jpg 300w, https:\/\/blog.visual-paradigm.com\/de\/wp-content\/uploads\/sites\/12\/2026\/01\/Tools-editing-PPT-150x105.jpg 150w, https:\/\/blog.visual-paradigm.com\/de\/wp-content\/uploads\/sites\/12\/2026\/01\/Tools-editing-PPT-400x279.jpg 400w, https:\/\/blog.visual-paradigm.com\/de\/wp-content\/uploads\/sites\/12\/2026\/01\/Tools-editing-PPT.jpg 574w\" sizes=\"auto, (max-width: 300px) 100vw, 300px\" \/><\/a>\n<div class=\"pt-cv-colwrap\"><h4 class=\"pt-cv-title\"><a href=\"https:\/\/blog.visual-paradigm.com\/de\/how-to-view-powerpoint-online-in-a-web-browser\/\" class=\"_self\" target=\"_self\" >So sehen Sie PowerPoint online in einem Webbrowser an<\/a><\/h4><div class=\"pt-cv-content\">Wenn Sie nach einer bequemen und effizienten M\u00f6glichkeit suchen, Ihre PowerPoint-Pr\u00e4sentationen anzuzeigen und zu bearbeiten, haben wir hier etwas, das Ihren Bed\u00fcrfnissen entspricht! In diesem Artikel geben wir Ihnen einen umfassenden \u00dcberblick dar\u00fcber, wie VP Online PowerPoint-Viewer funktioniert und auch ...<br \/><div class=\"pt-cv-rmwrap\"><a href=\"https:\/\/blog.visual-paradigm.com\/de\/how-to-view-powerpoint-online-in-a-web-browser\/\" class=\"_self pt-cv-readmore btn btn-success\" target=\"_self\">Weiterlesen<\/a><\/div><\/div><\/div><\/div><\/div>\n<div class=\"col-md-12 col-sm-12 col-xs-12 pt-cv-content-item pt-cv-2-col\" ><div class='pt-cv-ifield'><a href=\"https:\/\/blog.visual-paradigm.com\/de\/beginners-guide-to-package-diagrams-with-visual-paradigm-online\/\" class=\"_self pt-cv-href-thumbnail pt-cv-thumb-left\" target=\"_self\" ><img loading=\"lazy\" decoding=\"async\" width=\"300\" height=\"238\" src=\"https:\/\/blog.visual-paradigm.com\/de\/wp-content\/uploads\/sites\/12\/2026\/01\/img_650bcedb54427-300x238.png\" class=\"pt-cv-thumbnail pull-left\" alt=\"\" srcset=\"https:\/\/blog.visual-paradigm.com\/de\/wp-content\/uploads\/sites\/12\/2026\/01\/img_650bcedb54427-300x238.png 300w, https:\/\/blog.visual-paradigm.com\/de\/wp-content\/uploads\/sites\/12\/2026\/01\/img_650bcedb54427-768x610.png 768w, https:\/\/blog.visual-paradigm.com\/de\/wp-content\/uploads\/sites\/12\/2026\/01\/img_650bcedb54427-150x119.png 150w, https:\/\/blog.visual-paradigm.com\/de\/wp-content\/uploads\/sites\/12\/2026\/01\/img_650bcedb54427-400x318.png 400w, https:\/\/blog.visual-paradigm.com\/de\/wp-content\/uploads\/sites\/12\/2026\/01\/img_650bcedb54427.png 964w\" sizes=\"auto, (max-width: 300px) 100vw, 300px\" \/><\/a>\n<div class=\"pt-cv-colwrap\"><h4 class=\"pt-cv-title\"><a href=\"https:\/\/blog.visual-paradigm.com\/de\/beginners-guide-to-package-diagrams-with-visual-paradigm-online\/\" class=\"_self\" target=\"_self\" >Einf\u00fchrung in Paketdiagramme mit Visual Paradigm Online<\/a><\/h4><div class=\"pt-cv-content\">Einf\u00fchrung Paketdiagramme sind ein wesentliches Werkzeug im Softwareengineering, das Ihnen hilft, die Struktur Ihres Software-Systems zu organisieren und zu visualisieren. Sie sind Teil der Unified Modeling Language (UML) und bieten einen \u00dcberblick auf h\u00f6herer Ebene dar\u00fcber, wie verschiedene Elemente in ...<br \/><div class=\"pt-cv-rmwrap\"><a href=\"https:\/\/blog.visual-paradigm.com\/de\/beginners-guide-to-package-diagrams-with-visual-paradigm-online\/\" class=\"_self pt-cv-readmore btn btn-success\" target=\"_self\">Weiterlesen<\/a><\/div><\/div><\/div><\/div><\/div>\n<div class=\"col-md-12 col-sm-12 col-xs-12 pt-cv-content-item pt-cv-2-col\" ><div class='pt-cv-ifield'><a href=\"https:\/\/blog.visual-paradigm.com\/de\/unveiling-the-power-of-c4-model-simplifying-software-architecture-diagrams\/\" class=\"_self pt-cv-href-thumbnail pt-cv-thumb-left\" target=\"_self\" ><img loading=\"lazy\" decoding=\"async\" width=\"300\" height=\"171\" src=\"https:\/\/blog.visual-paradigm.com\/de\/wp-content\/uploads\/sites\/12\/2026\/01\/img_65113d8d4326b-300x171.png\" class=\"pt-cv-thumbnail pull-left\" alt=\"\" srcset=\"https:\/\/blog.visual-paradigm.com\/de\/wp-content\/uploads\/sites\/12\/2026\/01\/img_65113d8d4326b-300x171.png 300w, https:\/\/blog.visual-paradigm.com\/de\/wp-content\/uploads\/sites\/12\/2026\/01\/img_65113d8d4326b-1030x585.png 1030w, https:\/\/blog.visual-paradigm.com\/de\/wp-content\/uploads\/sites\/12\/2026\/01\/img_65113d8d4326b-768x437.png 768w, https:\/\/blog.visual-paradigm.com\/de\/wp-content\/uploads\/sites\/12\/2026\/01\/img_65113d8d4326b-150x85.png 150w, https:\/\/blog.visual-paradigm.com\/de\/wp-content\/uploads\/sites\/12\/2026\/01\/img_65113d8d4326b-400x227.png 400w, https:\/\/blog.visual-paradigm.com\/de\/wp-content\/uploads\/sites\/12\/2026\/01\/img_65113d8d4326b.png 1170w\" sizes=\"auto, (max-width: 300px) 100vw, 300px\" \/><\/a>\n<div class=\"pt-cv-colwrap\"><h4 class=\"pt-cv-title\"><a href=\"https:\/\/blog.visual-paradigm.com\/de\/unveiling-the-power-of-c4-model-simplifying-software-architecture-diagrams\/\" class=\"_self\" target=\"_self\" >Die Kraft des C4-Modells enth\u00fcllen: Software-Architektur-Diagramme vereinfachen<\/a><\/h4><div class=\"pt-cv-content\">Einf\u00fchrung In der komplexen Welt der Softwareentwicklung ist die Umsetzung komplexer Architekturkonzepte in sinnvolle und verst\u00e4ndliche Diagramme oft eine herausfordernde Aufgabe. Die effektive Kommunikation innerhalb von Entwicklerteams und mit Stakeholdern beruht auf der F\u00e4higkeit, die Essenz der Architektur eines Systems ...<br \/><div class=\"pt-cv-rmwrap\"><a href=\"https:\/\/blog.visual-paradigm.com\/de\/unveiling-the-power-of-c4-model-simplifying-software-architecture-diagrams\/\" class=\"_self pt-cv-readmore btn btn-success\" target=\"_self\">Weiterlesen<\/a><\/div><\/div><\/div><\/div><\/div>\n<div class=\"col-md-12 col-sm-12 col-xs-12 pt-cv-content-item pt-cv-2-col\" ><div class='pt-cv-ifield'><a href=\"https:\/\/blog.visual-paradigm.com\/de\/insert-a-scene-to-your-video\/\" class=\"_self pt-cv-href-thumbnail pt-cv-thumb-left\" target=\"_self\" ><img loading=\"lazy\" decoding=\"async\" width=\"300\" height=\"198\" src=\"https:\/\/blog.visual-paradigm.com\/de\/wp-content\/uploads\/sites\/12\/2026\/01\/Insert-a-Scene-to-Your-Video-300x198.jpg\" class=\"pt-cv-thumbnail pull-left\" alt=\"\" srcset=\"https:\/\/blog.visual-paradigm.com\/de\/wp-content\/uploads\/sites\/12\/2026\/01\/Insert-a-Scene-to-Your-Video-300x198.jpg 300w, https:\/\/blog.visual-paradigm.com\/de\/wp-content\/uploads\/sites\/12\/2026\/01\/Insert-a-Scene-to-Your-Video-150x99.jpg 150w, https:\/\/blog.visual-paradigm.com\/de\/wp-content\/uploads\/sites\/12\/2026\/01\/Insert-a-Scene-to-Your-Video-400x265.jpg 400w, https:\/\/blog.visual-paradigm.com\/de\/wp-content\/uploads\/sites\/12\/2026\/01\/Insert-a-Scene-to-Your-Video.jpg 626w\" sizes=\"auto, (max-width: 300px) 100vw, 300px\" \/><\/a>\n<div class=\"pt-cv-colwrap\"><h4 class=\"pt-cv-title\"><a href=\"https:\/\/blog.visual-paradigm.com\/de\/insert-a-scene-to-your-video\/\" class=\"_self\" target=\"_self\" >F\u00fcgen Sie eine Szene zu Ihrem Video hinzu<\/a><\/h4><div class=\"pt-cv-content\">Video ist zu einem fesselnden und einflussreichen Medium f\u00fcr die Vermittlung von Ideen, Geschichten und Botschaften geworden. Es bietet eine dynamische Plattform, auf der Nutzer sich auf ansprechende und visuell beeindruckende Weise ausdr\u00fccken k\u00f6nnen. Um ein wirklich au\u00dfergew\u00f6hnliches Video zu ...<br \/><div class=\"pt-cv-rmwrap\"><a href=\"https:\/\/blog.visual-paradigm.com\/de\/insert-a-scene-to-your-video\/\" class=\"_self pt-cv-readmore btn btn-success\" target=\"_self\">Weiterlesen<\/a><\/div><\/div><\/div><\/div><\/div>\n<div class=\"col-md-12 col-sm-12 col-xs-12 pt-cv-content-item pt-cv-2-col\" ><div class='pt-cv-ifield'><a href=\"https:\/\/blog.visual-paradigm.com\/de\/how-to-host-digital-slideshow-by-yourself\/\" class=\"_self pt-cv-href-thumbnail pt-cv-thumb-left\" target=\"_self\" ><img loading=\"lazy\" decoding=\"async\" width=\"300\" height=\"214\" src=\"https:\/\/blog.visual-paradigm.com\/de\/wp-content\/uploads\/sites\/12\/2026\/01\/How-to-Host-Digital-Slideshow-by-Yourself-300x214.png\" class=\"pt-cv-thumbnail pull-left\" alt=\"\" srcset=\"https:\/\/blog.visual-paradigm.com\/de\/wp-content\/uploads\/sites\/12\/2026\/01\/How-to-Host-Digital-Slideshow-by-Yourself-300x214.png 300w, https:\/\/blog.visual-paradigm.com\/de\/wp-content\/uploads\/sites\/12\/2026\/01\/How-to-Host-Digital-Slideshow-by-Yourself-150x107.png 150w, https:\/\/blog.visual-paradigm.com\/de\/wp-content\/uploads\/sites\/12\/2026\/01\/How-to-Host-Digital-Slideshow-by-Yourself-400x285.png 400w, https:\/\/blog.visual-paradigm.com\/de\/wp-content\/uploads\/sites\/12\/2026\/01\/How-to-Host-Digital-Slideshow-by-Yourself.png 561w\" sizes=\"auto, (max-width: 300px) 100vw, 300px\" \/><\/a>\n<div class=\"pt-cv-colwrap\"><h4 class=\"pt-cv-title\"><a href=\"https:\/\/blog.visual-paradigm.com\/de\/how-to-host-digital-slideshow-by-yourself\/\" class=\"_self\" target=\"_self\" >Wie man eine digitale Pr\u00e4sentation selbst hostet<\/a><\/h4><div class=\"pt-cv-content\">Durch die F\u00e4higkeit, digitale Pr\u00e4sentationen selbstst\u00e4ndig zu hosten, erh\u00f6hen Sie Ihre Kontrolle \u00fcber die Zug\u00e4nglichkeit und Sicherheit von Inhalten.Visual ParadigmSein robuster Publication Server bietet eine L\u00f6sung, die Benutzern erm\u00f6glicht, ihre digitalen Pr\u00e4sentationen unabh\u00e4ngig zu hosten und vollst\u00e4ndige Autonomie bei Speicherung ...<br \/><div class=\"pt-cv-rmwrap\"><a href=\"https:\/\/blog.visual-paradigm.com\/de\/how-to-host-digital-slideshow-by-yourself\/\" class=\"_self pt-cv-readmore btn btn-success\" target=\"_self\">Weiterlesen<\/a><\/div><\/div><\/div><\/div><\/div>\n<div class=\"col-md-12 col-sm-12 col-xs-12 pt-cv-content-item pt-cv-2-col\" ><div class='pt-cv-ifield'><a href=\"https:\/\/blog.visual-paradigm.com\/de\/captivating-backgrounds-elevate-your-animation\/\" class=\"_self pt-cv-href-thumbnail pt-cv-thumb-left\" target=\"_self\" ><img loading=\"lazy\" decoding=\"async\" width=\"300\" height=\"169\" src=\"https:\/\/blog.visual-paradigm.com\/de\/wp-content\/uploads\/sites\/12\/2026\/01\/scene-background-cartoon-wedding-church-300x169.jpg\" class=\"pt-cv-thumbnail pull-left\" alt=\"\" srcset=\"https:\/\/blog.visual-paradigm.com\/de\/wp-content\/uploads\/sites\/12\/2026\/01\/scene-background-cartoon-wedding-church-300x169.jpg 300w, https:\/\/blog.visual-paradigm.com\/de\/wp-content\/uploads\/sites\/12\/2026\/01\/scene-background-cartoon-wedding-church-768x433.jpg 768w, https:\/\/blog.visual-paradigm.com\/de\/wp-content\/uploads\/sites\/12\/2026\/01\/scene-background-cartoon-wedding-church-150x85.jpg 150w, https:\/\/blog.visual-paradigm.com\/de\/wp-content\/uploads\/sites\/12\/2026\/01\/scene-background-cartoon-wedding-church-400x226.jpg 400w, https:\/\/blog.visual-paradigm.com\/de\/wp-content\/uploads\/sites\/12\/2026\/01\/scene-background-cartoon-wedding-church.jpg 925w\" sizes=\"auto, (max-width: 300px) 100vw, 300px\" \/><\/a>\n<div class=\"pt-cv-colwrap\"><h4 class=\"pt-cv-title\"><a href=\"https:\/\/blog.visual-paradigm.com\/de\/captivating-backgrounds-elevate-your-animation\/\" class=\"_self\" target=\"_self\" >Fesselnde Hintergr\u00fcnde: Ihr Animation aufwerten<\/a><\/h4><div class=\"pt-cv-content\">Die Erstellung fesselnder Animationen erfordert mehr als nur dynamische Charaktere und ansprechende Geschichten; die Hintergr\u00fcnde spielen eine entscheidende Rolle bei der Stimmungsgestaltung und der Verst\u00e4rkung der Erz\u00e4hlung. Ob Sie einen animierten Kurzfilm, eine Pr\u00e4sentation oder ein Marketingvideo erstellen \u2013 der ...<br \/><div class=\"pt-cv-rmwrap\"><a href=\"https:\/\/blog.visual-paradigm.com\/de\/captivating-backgrounds-elevate-your-animation\/\" class=\"_self pt-cv-readmore btn btn-success\" target=\"_self\">Weiterlesen<\/a><\/div><\/div><\/div><\/div><\/div>\n<div class=\"col-md-12 col-sm-12 col-xs-12 pt-cv-content-item pt-cv-2-col\" ><div class='pt-cv-ifield'><a href=\"https:\/\/blog.visual-paradigm.com\/de\/the-best-tool-to-translate-image-online-for-digital-documents\/\" class=\"_self pt-cv-href-thumbnail pt-cv-thumb-left\" target=\"_self\" ><img loading=\"lazy\" decoding=\"async\" width=\"300\" height=\"200\" src=\"https:\/\/blog.visual-paradigm.com\/de\/wp-content\/uploads\/sites\/12\/2026\/01\/multiple-diagram-images-1-300x200.png\" class=\"pt-cv-thumbnail pull-left\" alt=\"\" srcset=\"https:\/\/blog.visual-paradigm.com\/de\/wp-content\/uploads\/sites\/12\/2026\/01\/multiple-diagram-images-1-300x200.png 300w, https:\/\/blog.visual-paradigm.com\/de\/wp-content\/uploads\/sites\/12\/2026\/01\/multiple-diagram-images-1-1030x687.png 1030w, https:\/\/blog.visual-paradigm.com\/de\/wp-content\/uploads\/sites\/12\/2026\/01\/multiple-diagram-images-1-768x512.png 768w, https:\/\/blog.visual-paradigm.com\/de\/wp-content\/uploads\/sites\/12\/2026\/01\/multiple-diagram-images-1-150x100.png 150w, https:\/\/blog.visual-paradigm.com\/de\/wp-content\/uploads\/sites\/12\/2026\/01\/multiple-diagram-images-1-400x267.png 400w, https:\/\/blog.visual-paradigm.com\/de\/wp-content\/uploads\/sites\/12\/2026\/01\/multiple-diagram-images-1.png 1536w\" sizes=\"auto, (max-width: 300px) 100vw, 300px\" \/><\/a>\n<div class=\"pt-cv-colwrap\"><h4 class=\"pt-cv-title\"><a href=\"https:\/\/blog.visual-paradigm.com\/de\/the-best-tool-to-translate-image-online-for-digital-documents\/\" class=\"_self\" target=\"_self\" >Das beste Tool zum \u00dcbersetzen von Bildern online f\u00fcr digitale Dokumente<\/a><\/h4><div class=\"pt-cv-content\">In der heutigen globalisierten Welt arbeiten Unternehmen und Fachleute oft mit digitalen Dokumenten, die Texte enthalten, die in Bildern eingebettet sind. Ob es sich um ein\u00a0technisches Diagramm,\u00a0Produktetikett, oder\u00a0beschriftetes Zeichnung, ist die Notwendigkeit,\u00a0Bild online \u00fcbersetzen\u00a0genau zu \u00fcbersetzen, ist entscheidend. W\u00e4hrend viele ...<br \/><div class=\"pt-cv-rmwrap\"><a href=\"https:\/\/blog.visual-paradigm.com\/de\/the-best-tool-to-translate-image-online-for-digital-documents\/\" class=\"_self pt-cv-readmore btn btn-success\" target=\"_self\">Weiterlesen<\/a><\/div><\/div><\/div><\/div><\/div><\/div><\/div>\n<div class=\" pt-cv-pagination-wrapper\"><ul class=\"pt-cv-pagination pt-cv-ajax pagination\" data-totalpages=\"180\" data-currentpage=\"1\" data-sid=\"d319a2bm5h\" data-unid=\"\" data-isblock=\"\" data-postid=\"\"><li class=\"active\"><a href=\"#\">1<\/a><\/li>\n\t<li ><a class=\"\" href=\"https:\/\/blog.visual-paradigm.com\/de\/wp-json\/wp\/v2\/pages\/212\/?_page=2\">2<\/a><\/li>\n\t<li ><a class=\"\" href=\"https:\/\/blog.visual-paradigm.com\/de\/wp-json\/wp\/v2\/pages\/212\/?_page=3\">3<\/a><\/li>\n\t<li ><a href=\"#\">&hellip;<\/a><\/li>\n\t<li ><a class=\"\" href=\"https:\/\/blog.visual-paradigm.com\/de\/wp-json\/wp\/v2\/pages\/212\/?_page=180\">180<\/a><\/li>\n\t<li ><a class=\" \" href=\"https:\/\/blog.visual-paradigm.com\/de\/wp-json\/wp\/v2\/pages\/212\/?_page=2\">&rsaquo;<\/a><\/li>\n\t<\/ul><img loading=\"lazy\" decoding=\"async\" width=\"15\" height=\"15\" class=\"pt-cv-spinner\" alt=\"Wird geladen\u00a0\u2026\" src=\"data:image\/gif;base64,R0lGODlhDwAPALMPAMrKygwMDJOTkz09PZWVla+vr3p6euTk5M7OzuXl5TMzMwAAAJmZmWZmZszMzP\/\/\/yH\/C05FVFNDQVBFMi4wAwEAAAAh+QQFCgAPACwAAAAADwAPAAAEQvDJaZaZOIcV8iQK8VRX4iTYoAwZ4iCYoAjZ4RxejhVNoT+mRGP4cyF4Pp0N98sBGIBMEMOotl6YZ3S61Bmbkm4mAgAh+QQFCgAPACwAAAAADQANAAAENPDJSRSZeA418itN8QiK8BiLITVsFiyBBIoYqnoewAD4xPw9iY4XLGYSjkQR4UAUD45DLwIAIfkEBQoADwAsAAAAAA8ACQAABC\/wyVlamTi3nSdgwFNdhEJgTJoNyoB9ISYoQmdjiZPcj7EYCAeCF1gEDo4Dz2eIAAAh+QQFCgAPACwCAAAADQANAAAEM\/DJBxiYeLKdX3IJZT1FU0iIg2RNKx3OkZVnZ98ToRD4MyiDnkAh6BkNC0MvsAj0kMpHBAAh+QQFCgAPACwGAAAACQAPAAAEMDC59KpFDll73HkAA2wVY5KgiK5b0RRoI6MuzG6EQqCDMlSGheEhUAgqgUUAFRySIgAh+QQFCgAPACwCAAIADQANAAAEM\/DJKZNLND\/kkKaHc3xk+QAMYDKsiaqmZCxGVjSFFCxB1vwy2oOgIDxuucxAMTAJFAJNBAAh+QQFCgAPACwAAAYADwAJAAAEMNAs86q1yaWwwv2Ig0jUZx3OYa4XoRAfwADXoAwfo1+CIjyFRuEho60aSNYlOPxEAAAh+QQFCgAPACwAAAIADQANAAAENPA9s4y8+IUVcqaWJ4qEQozSoAzoIyhCK2NFU2SJk0hNnyEOhKR2AzAAj4Pj4GE4W0bkJQIAOw==\" \/><div class=\"clear pt-cv-clear-pagination\"><\/div><\/div><\/div>\n","protected":false},"excerpt":{"rendered":"","protected":false},"author":1,"featured_media":0,"parent":0,"menu_order":0,"comment_status":"closed","ping_status":"closed","template":"","meta":{"_lmt_disableupdate":"","_lmt_disable":"","footnotes":""},"class_list":["post-212","page","type-page","status-publish","hentry","page-entry","loop-entry","clr"],"yoast_head":"<!-- This site is optimized with the Yoast SEO plugin v24.3 - https:\/\/yoast.com\/wordpress\/plugins\/seo\/ -->\n<title>Home - Visual Paradigm Bloggen<\/title>\n<meta name=\"robots\" content=\"index, follow, max-snippet:-1, max-image-preview:large, max-video-preview:-1\" \/>\n<link rel=\"canonical\" href=\"https:\/\/blog.visual-paradigm.com\/de\/\" \/>\n<meta property=\"og:locale\" content=\"de_DE\" \/>\n<meta property=\"og:type\" content=\"article\" \/>\n<meta property=\"og:title\" content=\"Home - Visual Paradigm Bloggen\" \/>\n<meta property=\"og:url\" content=\"https:\/\/blog.visual-paradigm.com\/de\/\" \/>\n<meta property=\"og:site_name\" content=\"Visual Paradigm Bloggen\" \/>\n<meta property=\"article:modified_time\" content=\"2022-10-19T02:25:02+00:00\" \/>\n<meta name=\"twitter:card\" content=\"summary_large_image\" \/>\n<meta name=\"twitter:label1\" content=\"Gesch\u00e4tzte Lesezeit\" \/>\n\t<meta name=\"twitter:data1\" content=\"1\u00a0Minute\" \/>\n<script type=\"application\/ld+json\" class=\"yoast-schema-graph\">{\"@context\":\"https:\/\/schema.org\",\"@graph\":[{\"@type\":\"WebPage\",\"@id\":\"https:\/\/blog.visual-paradigm.com\/de\/\",\"url\":\"https:\/\/blog.visual-paradigm.com\/de\/\",\"name\":\"Home - Visual Paradigm Bloggen\",\"isPartOf\":{\"@id\":\"https:\/\/blog.visual-paradigm.com\/de\/#website\"},\"datePublished\":\"2020-10-27T08:13:06+00:00\",\"dateModified\":\"2022-10-19T02:25:02+00:00\",\"breadcrumb\":{\"@id\":\"https:\/\/blog.visual-paradigm.com\/de\/#breadcrumb\"},\"inLanguage\":\"de\",\"potentialAction\":[{\"@type\":\"ReadAction\",\"target\":[\"https:\/\/blog.visual-paradigm.com\/de\/\"]}]},{\"@type\":\"BreadcrumbList\",\"@id\":\"https:\/\/blog.visual-paradigm.com\/de\/#breadcrumb\",\"itemListElement\":[{\"@type\":\"ListItem\",\"position\":1,\"name\":\"Home\",\"item\":\"https:\/\/blog.visual-paradigm.com\/de\/\"},{\"@type\":\"ListItem\",\"position\":2,\"name\":\"Home\"}]},{\"@type\":\"WebSite\",\"@id\":\"https:\/\/blog.visual-paradigm.com\/de\/#website\",\"url\":\"https:\/\/blog.visual-paradigm.com\/de\/\",\"name\":\"Visual Paradigm Bloggen\",\"description\":\"\",\"potentialAction\":[{\"@type\":\"SearchAction\",\"target\":{\"@type\":\"EntryPoint\",\"urlTemplate\":\"https:\/\/blog.visual-paradigm.com\/de\/?s={search_term_string}\"},\"query-input\":{\"@type\":\"PropertyValueSpecification\",\"valueRequired\":true,\"valueName\":\"search_term_string\"}}],\"inLanguage\":\"de\"}]}<\/script>\n<!-- \/ Yoast SEO plugin. -->","yoast_head_json":{"title":"Home - Visual Paradigm Bloggen","robots":{"index":"index","follow":"follow","max-snippet":"max-snippet:-1","max-image-preview":"max-image-preview:large","max-video-preview":"max-video-preview:-1"},"canonical":"https:\/\/blog.visual-paradigm.com\/de\/","og_locale":"de_DE","og_type":"article","og_title":"Home - Visual Paradigm Bloggen","og_url":"https:\/\/blog.visual-paradigm.com\/de\/","og_site_name":"Visual Paradigm Bloggen","article_modified_time":"2022-10-19T02:25:02+00:00","twitter_card":"summary_large_image","twitter_misc":{"Gesch\u00e4tzte Lesezeit":"1\u00a0Minute"},"schema":{"@context":"https:\/\/schema.org","@graph":[{"@type":"WebPage","@id":"https:\/\/blog.visual-paradigm.com\/de\/","url":"https:\/\/blog.visual-paradigm.com\/de\/","name":"Home - Visual Paradigm Bloggen","isPartOf":{"@id":"https:\/\/blog.visual-paradigm.com\/de\/#website"},"datePublished":"2020-10-27T08:13:06+00:00","dateModified":"2022-10-19T02:25:02+00:00","breadcrumb":{"@id":"https:\/\/blog.visual-paradigm.com\/de\/#breadcrumb"},"inLanguage":"de","potentialAction":[{"@type":"ReadAction","target":["https:\/\/blog.visual-paradigm.com\/de\/"]}]},{"@type":"BreadcrumbList","@id":"https:\/\/blog.visual-paradigm.com\/de\/#breadcrumb","itemListElement":[{"@type":"ListItem","position":1,"name":"Home","item":"https:\/\/blog.visual-paradigm.com\/de\/"},{"@type":"ListItem","position":2,"name":"Home"}]},{"@type":"WebSite","@id":"https:\/\/blog.visual-paradigm.com\/de\/#website","url":"https:\/\/blog.visual-paradigm.com\/de\/","name":"Visual Paradigm Bloggen","description":"","potentialAction":[{"@type":"SearchAction","target":{"@type":"EntryPoint","urlTemplate":"https:\/\/blog.visual-paradigm.com\/de\/?s={search_term_string}"},"query-input":{"@type":"PropertyValueSpecification","valueRequired":true,"valueName":"search_term_string"}}],"inLanguage":"de"}]}},"_links":{"self":[{"href":"https:\/\/blog.visual-paradigm.com\/de\/wp-json\/wp\/v2\/pages\/212","targetHints":{"allow":["GET"]}}],"collection":[{"href":"https:\/\/blog.visual-paradigm.com\/de\/wp-json\/wp\/v2\/pages"}],"about":[{"href":"https:\/\/blog.visual-paradigm.com\/de\/wp-json\/wp\/v2\/types\/page"}],"author":[{"embeddable":true,"href":"https:\/\/blog.visual-paradigm.com\/de\/wp-json\/wp\/v2\/users\/1"}],"replies":[{"embeddable":true,"href":"https:\/\/blog.visual-paradigm.com\/de\/wp-json\/wp\/v2\/comments?post=212"}],"version-history":[{"count":84,"href":"https:\/\/blog.visual-paradigm.com\/de\/wp-json\/wp\/v2\/pages\/212\/revisions"}],"predecessor-version":[{"id":7508,"href":"https:\/\/blog.visual-paradigm.com\/de\/wp-json\/wp\/v2\/pages\/212\/revisions\/7508"}],"wp:attachment":[{"href":"https:\/\/blog.visual-paradigm.com\/de\/wp-json\/wp\/v2\/media?parent=212"}],"curies":[{"name":"wp","href":"https:\/\/api.w.org\/{rel}","templated":true}]}}