{"id":212,"date":"2020-10-27T16:13:06","date_gmt":"2020-10-27T08:13:06","guid":{"rendered":"https:\/\/blog.visual-paradigm.com\/es\/?page_id=212"},"modified":"2022-10-19T09:58:21","modified_gmt":"2022-10-19T01:58:21","slug":"elementor-212","status":"publish","type":"page","link":"https:\/\/blog.visual-paradigm.com\/es\/","title":{"rendered":"Home"},"content":{"rendered":"<div class=\"pt-cv-wrapper\"><div class=\"pt-cv-view pt-cv-grid pt-cv-colsys\" id=\"pt-cv-view-d319a2bm5h\"><div data-id=\"pt-cv-page-1\" class=\"pt-cv-page\" data-cvc=\"1\"><div class=\"col-md-12 col-sm-12 col-xs-12 pt-cv-content-item pt-cv-2-col\" ><div class='pt-cv-ifield'><a href=\"https:\/\/blog.visual-paradigm.com\/es\/how-to-view-powerpoint-online-in-a-web-browser\/\" class=\"_self pt-cv-href-thumbnail pt-cv-thumb-left\" target=\"_self\" ><img loading=\"lazy\" decoding=\"async\" width=\"300\" height=\"209\" src=\"https:\/\/blog.visual-paradigm.com\/es\/wp-content\/uploads\/sites\/8\/2026\/01\/Tools-editing-PPT-300x209.jpg\" class=\"pt-cv-thumbnail pull-left\" alt=\"\" srcset=\"https:\/\/blog.visual-paradigm.com\/es\/wp-content\/uploads\/sites\/8\/2026\/01\/Tools-editing-PPT-300x209.jpg 300w, https:\/\/blog.visual-paradigm.com\/es\/wp-content\/uploads\/sites\/8\/2026\/01\/Tools-editing-PPT-150x105.jpg 150w, https:\/\/blog.visual-paradigm.com\/es\/wp-content\/uploads\/sites\/8\/2026\/01\/Tools-editing-PPT-400x279.jpg 400w, https:\/\/blog.visual-paradigm.com\/es\/wp-content\/uploads\/sites\/8\/2026\/01\/Tools-editing-PPT.jpg 574w\" sizes=\"auto, (max-width: 300px) 100vw, 300px\" \/><\/a>\n<div class=\"pt-cv-colwrap\"><h4 class=\"pt-cv-title\"><a href=\"https:\/\/blog.visual-paradigm.com\/es\/how-to-view-powerpoint-online-in-a-web-browser\/\" class=\"_self\" target=\"_self\" >C\u00f3mo ver PowerPoint en l\u00ednea en un navegador web<\/a><\/h4><div class=\"pt-cv-content\">Si est\u00e1s buscando una forma conveniente y eficiente de ver y editar tus presentaciones de PowerPoint, \u00a1aqu\u00ed hay algo que satisface tus necesidades! En este art\u00edculo, te proporcionaremos una visi\u00f3n general completa de c\u00f3mo Visor de PowerPoint en l\u00ednea de ...<br \/><div class=\"pt-cv-rmwrap\"><a href=\"https:\/\/blog.visual-paradigm.com\/es\/how-to-view-powerpoint-online-in-a-web-browser\/\" class=\"_self pt-cv-readmore btn btn-success\" target=\"_self\">Leer m\u00e1s<\/a><\/div><\/div><\/div><\/div><\/div>\n<div class=\"col-md-12 col-sm-12 col-xs-12 pt-cv-content-item pt-cv-2-col\" ><div class='pt-cv-ifield'><a href=\"https:\/\/blog.visual-paradigm.com\/es\/beginners-guide-to-package-diagrams-with-visual-paradigm-online\/\" class=\"_self pt-cv-href-thumbnail pt-cv-thumb-left\" target=\"_self\" ><img loading=\"lazy\" decoding=\"async\" width=\"300\" height=\"238\" src=\"https:\/\/blog.visual-paradigm.com\/es\/wp-content\/uploads\/sites\/8\/2026\/01\/img_650bcedb54427-300x238.png\" class=\"pt-cv-thumbnail pull-left\" alt=\"\" srcset=\"https:\/\/blog.visual-paradigm.com\/es\/wp-content\/uploads\/sites\/8\/2026\/01\/img_650bcedb54427-300x238.png 300w, https:\/\/blog.visual-paradigm.com\/es\/wp-content\/uploads\/sites\/8\/2026\/01\/img_650bcedb54427-768x610.png 768w, https:\/\/blog.visual-paradigm.com\/es\/wp-content\/uploads\/sites\/8\/2026\/01\/img_650bcedb54427-150x119.png 150w, https:\/\/blog.visual-paradigm.com\/es\/wp-content\/uploads\/sites\/8\/2026\/01\/img_650bcedb54427-400x318.png 400w, https:\/\/blog.visual-paradigm.com\/es\/wp-content\/uploads\/sites\/8\/2026\/01\/img_650bcedb54427.png 964w\" sizes=\"auto, (max-width: 300px) 100vw, 300px\" \/><\/a>\n<div class=\"pt-cv-colwrap\"><h4 class=\"pt-cv-title\"><a href=\"https:\/\/blog.visual-paradigm.com\/es\/beginners-guide-to-package-diagrams-with-visual-paradigm-online\/\" class=\"_self\" target=\"_self\" >Gu\u00eda para principiantes sobre diagramas de paquetes con Visual Paradigm Online<\/a><\/h4><div class=\"pt-cv-content\">Introducci\u00f3n Los diagramas de paquetes son una herramienta esencial en la ingenier\u00eda de software, que te ayuda a organizar y visualizar la estructura de tu sistema de software. Son parte del Lenguaje Unificado de Modelado (UML) y ofrecen una visi\u00f3n ...<br \/><div class=\"pt-cv-rmwrap\"><a href=\"https:\/\/blog.visual-paradigm.com\/es\/beginners-guide-to-package-diagrams-with-visual-paradigm-online\/\" class=\"_self pt-cv-readmore btn btn-success\" target=\"_self\">Leer m\u00e1s<\/a><\/div><\/div><\/div><\/div><\/div>\n<div class=\"col-md-12 col-sm-12 col-xs-12 pt-cv-content-item pt-cv-2-col\" ><div class='pt-cv-ifield'><a href=\"https:\/\/blog.visual-paradigm.com\/es\/unveiling-the-power-of-c4-model-simplifying-software-architecture-diagrams\/\" class=\"_self pt-cv-href-thumbnail pt-cv-thumb-left\" target=\"_self\" ><img loading=\"lazy\" decoding=\"async\" width=\"300\" height=\"171\" src=\"https:\/\/blog.visual-paradigm.com\/es\/wp-content\/uploads\/sites\/8\/2026\/01\/img_65113d8d4326b-300x171.png\" class=\"pt-cv-thumbnail pull-left\" alt=\"\" srcset=\"https:\/\/blog.visual-paradigm.com\/es\/wp-content\/uploads\/sites\/8\/2026\/01\/img_65113d8d4326b-300x171.png 300w, https:\/\/blog.visual-paradigm.com\/es\/wp-content\/uploads\/sites\/8\/2026\/01\/img_65113d8d4326b-1030x585.png 1030w, https:\/\/blog.visual-paradigm.com\/es\/wp-content\/uploads\/sites\/8\/2026\/01\/img_65113d8d4326b-768x437.png 768w, https:\/\/blog.visual-paradigm.com\/es\/wp-content\/uploads\/sites\/8\/2026\/01\/img_65113d8d4326b-150x85.png 150w, https:\/\/blog.visual-paradigm.com\/es\/wp-content\/uploads\/sites\/8\/2026\/01\/img_65113d8d4326b-400x227.png 400w, https:\/\/blog.visual-paradigm.com\/es\/wp-content\/uploads\/sites\/8\/2026\/01\/img_65113d8d4326b.png 1170w\" sizes=\"auto, (max-width: 300px) 100vw, 300px\" \/><\/a>\n<div class=\"pt-cv-colwrap\"><h4 class=\"pt-cv-title\"><a href=\"https:\/\/blog.visual-paradigm.com\/es\/unveiling-the-power-of-c4-model-simplifying-software-architecture-diagrams\/\" class=\"_self\" target=\"_self\" >Desvelando el poder del modelo C4: Simplificando los diagramas de arquitectura de software<\/a><\/h4><div class=\"pt-cv-content\">Introducci\u00f3n En el mundo intrincado del desarrollo de software, traducir dise\u00f1os arquitect\u00f3nicos complejos en diagramas significativos y comprensibles es a menudo un desaf\u00edo formidable. La comunicaci\u00f3n efectiva dentro de los equipos de desarrollo y con los interesados depende de la ...<br \/><div class=\"pt-cv-rmwrap\"><a href=\"https:\/\/blog.visual-paradigm.com\/es\/unveiling-the-power-of-c4-model-simplifying-software-architecture-diagrams\/\" class=\"_self pt-cv-readmore btn btn-success\" target=\"_self\">Leer m\u00e1s<\/a><\/div><\/div><\/div><\/div><\/div>\n<div class=\"col-md-12 col-sm-12 col-xs-12 pt-cv-content-item pt-cv-2-col\" ><div class='pt-cv-ifield'><a href=\"https:\/\/blog.visual-paradigm.com\/es\/insert-a-scene-to-your-video\/\" class=\"_self pt-cv-href-thumbnail pt-cv-thumb-left\" target=\"_self\" ><img loading=\"lazy\" decoding=\"async\" width=\"300\" height=\"198\" src=\"https:\/\/blog.visual-paradigm.com\/es\/wp-content\/uploads\/sites\/8\/2026\/01\/Insert-a-Scene-to-Your-Video-300x198.jpg\" class=\"pt-cv-thumbnail pull-left\" alt=\"\" srcset=\"https:\/\/blog.visual-paradigm.com\/es\/wp-content\/uploads\/sites\/8\/2026\/01\/Insert-a-Scene-to-Your-Video-300x198.jpg 300w, https:\/\/blog.visual-paradigm.com\/es\/wp-content\/uploads\/sites\/8\/2026\/01\/Insert-a-Scene-to-Your-Video-150x99.jpg 150w, https:\/\/blog.visual-paradigm.com\/es\/wp-content\/uploads\/sites\/8\/2026\/01\/Insert-a-Scene-to-Your-Video-400x265.jpg 400w, https:\/\/blog.visual-paradigm.com\/es\/wp-content\/uploads\/sites\/8\/2026\/01\/Insert-a-Scene-to-Your-Video.jpg 626w\" sizes=\"auto, (max-width: 300px) 100vw, 300px\" \/><\/a>\n<div class=\"pt-cv-colwrap\"><h4 class=\"pt-cv-title\"><a href=\"https:\/\/blog.visual-paradigm.com\/es\/insert-a-scene-to-your-video\/\" class=\"_self\" target=\"_self\" >Inserta una escena en tu video<\/a><\/h4><div class=\"pt-cv-content\">El video se ha convertido en un medio cautivador e influyente para transmitir ideas, historias y mensajes. Proporciona una plataforma din\u00e1mica para que los usuarios se expresen de manera atractiva y visualmente impactante. Para crear un video verdaderamente destacado, la ...<br \/><div class=\"pt-cv-rmwrap\"><a href=\"https:\/\/blog.visual-paradigm.com\/es\/insert-a-scene-to-your-video\/\" class=\"_self pt-cv-readmore btn btn-success\" target=\"_self\">Leer m\u00e1s<\/a><\/div><\/div><\/div><\/div><\/div>\n<div class=\"col-md-12 col-sm-12 col-xs-12 pt-cv-content-item pt-cv-2-col\" ><div class='pt-cv-ifield'><a href=\"https:\/\/blog.visual-paradigm.com\/es\/how-to-host-digital-slideshow-by-yourself\/\" class=\"_self pt-cv-href-thumbnail pt-cv-thumb-left\" target=\"_self\" ><img loading=\"lazy\" decoding=\"async\" width=\"300\" height=\"214\" src=\"https:\/\/blog.visual-paradigm.com\/es\/wp-content\/uploads\/sites\/8\/2026\/01\/How-to-Host-Digital-Slideshow-by-Yourself-300x214.png\" class=\"pt-cv-thumbnail pull-left\" alt=\"\" srcset=\"https:\/\/blog.visual-paradigm.com\/es\/wp-content\/uploads\/sites\/8\/2026\/01\/How-to-Host-Digital-Slideshow-by-Yourself-300x214.png 300w, https:\/\/blog.visual-paradigm.com\/es\/wp-content\/uploads\/sites\/8\/2026\/01\/How-to-Host-Digital-Slideshow-by-Yourself-150x107.png 150w, https:\/\/blog.visual-paradigm.com\/es\/wp-content\/uploads\/sites\/8\/2026\/01\/How-to-Host-Digital-Slideshow-by-Yourself-400x285.png 400w, https:\/\/blog.visual-paradigm.com\/es\/wp-content\/uploads\/sites\/8\/2026\/01\/How-to-Host-Digital-Slideshow-by-Yourself.png 561w\" sizes=\"auto, (max-width: 300px) 100vw, 300px\" \/><\/a>\n<div class=\"pt-cv-colwrap\"><h4 class=\"pt-cv-title\"><a href=\"https:\/\/blog.visual-paradigm.com\/es\/how-to-host-digital-slideshow-by-yourself\/\" class=\"_self\" target=\"_self\" >C\u00f3mo alojar una presentaci\u00f3n digital por ti mismo<\/a><\/h4><div class=\"pt-cv-content\">Empoderarte con la capacidad de alojar por ti mismo presentaciones digitales mejora tu control sobre la accesibilidad y seguridad del contenido.Visual ParadigmSu servidor de publicaci\u00f3n robusto ofrece una soluci\u00f3n que permite a los usuarios alojar sus presentaciones digitales de forma ...<br \/><div class=\"pt-cv-rmwrap\"><a href=\"https:\/\/blog.visual-paradigm.com\/es\/how-to-host-digital-slideshow-by-yourself\/\" class=\"_self pt-cv-readmore btn btn-success\" target=\"_self\">Leer m\u00e1s<\/a><\/div><\/div><\/div><\/div><\/div>\n<div class=\"col-md-12 col-sm-12 col-xs-12 pt-cv-content-item pt-cv-2-col\" ><div class='pt-cv-ifield'><a href=\"https:\/\/blog.visual-paradigm.com\/es\/say-goodbye-to-language-barriers-with-ai-image-translation-magic\/\" class=\"_self pt-cv-href-thumbnail pt-cv-thumb-left\" target=\"_self\" ><img loading=\"lazy\" decoding=\"async\" width=\"300\" height=\"206\" src=\"https:\/\/blog.visual-paradigm.com\/es\/wp-content\/uploads\/sites\/8\/2026\/01\/Example-of-a-translated-sign-with-different-font-customizations-01-300x206.jpg\" class=\"pt-cv-thumbnail pull-left\" alt=\"\" srcset=\"https:\/\/blog.visual-paradigm.com\/es\/wp-content\/uploads\/sites\/8\/2026\/01\/Example-of-a-translated-sign-with-different-font-customizations-01-300x206.jpg 300w, https:\/\/blog.visual-paradigm.com\/es\/wp-content\/uploads\/sites\/8\/2026\/01\/Example-of-a-translated-sign-with-different-font-customizations-01-1030x708.jpg 1030w, https:\/\/blog.visual-paradigm.com\/es\/wp-content\/uploads\/sites\/8\/2026\/01\/Example-of-a-translated-sign-with-different-font-customizations-01-768x528.jpg 768w, https:\/\/blog.visual-paradigm.com\/es\/wp-content\/uploads\/sites\/8\/2026\/01\/Example-of-a-translated-sign-with-different-font-customizations-01-150x103.jpg 150w, https:\/\/blog.visual-paradigm.com\/es\/wp-content\/uploads\/sites\/8\/2026\/01\/Example-of-a-translated-sign-with-different-font-customizations-01-400x275.jpg 400w, https:\/\/blog.visual-paradigm.com\/es\/wp-content\/uploads\/sites\/8\/2026\/01\/Example-of-a-translated-sign-with-different-font-customizations-01.jpg 1280w\" sizes=\"auto, (max-width: 300px) 100vw, 300px\" \/><\/a>\n<div class=\"pt-cv-colwrap\"><h4 class=\"pt-cv-title\"><a href=\"https:\/\/blog.visual-paradigm.com\/es\/say-goodbye-to-language-barriers-with-ai-image-translation-magic\/\" class=\"_self\" target=\"_self\" >Dile adi\u00f3s a las barreras del idioma con la magia de la traducci\u00f3n de im\u00e1genes con IA<\/a><\/h4><div class=\"pt-cv-content\">\u00bfAlguna vez has estado mirando una etiqueta, un letrero o un documento en un idioma extranjero y has deseado poder entenderlo al instante?El traductor de im\u00e1genes con IA de Visual Paradigm Online est\u00e1 aqu\u00ed para hacer que ese deseo se ...<br \/><div class=\"pt-cv-rmwrap\"><a href=\"https:\/\/blog.visual-paradigm.com\/es\/say-goodbye-to-language-barriers-with-ai-image-translation-magic\/\" class=\"_self pt-cv-readmore btn btn-success\" target=\"_self\">Leer m\u00e1s<\/a><\/div><\/div><\/div><\/div><\/div>\n<div class=\"col-md-12 col-sm-12 col-xs-12 pt-cv-content-item pt-cv-2-col\" ><div class='pt-cv-ifield'><a href=\"https:\/\/blog.visual-paradigm.com\/es\/captivating-backgrounds-elevate-your-animation\/\" class=\"_self pt-cv-href-thumbnail pt-cv-thumb-left\" target=\"_self\" ><img loading=\"lazy\" decoding=\"async\" width=\"300\" height=\"169\" src=\"https:\/\/blog.visual-paradigm.com\/es\/wp-content\/uploads\/sites\/8\/2026\/01\/scene-background-cartoon-wedding-church-300x169.jpg\" class=\"pt-cv-thumbnail pull-left\" alt=\"\" srcset=\"https:\/\/blog.visual-paradigm.com\/es\/wp-content\/uploads\/sites\/8\/2026\/01\/scene-background-cartoon-wedding-church-300x169.jpg 300w, https:\/\/blog.visual-paradigm.com\/es\/wp-content\/uploads\/sites\/8\/2026\/01\/scene-background-cartoon-wedding-church-768x433.jpg 768w, https:\/\/blog.visual-paradigm.com\/es\/wp-content\/uploads\/sites\/8\/2026\/01\/scene-background-cartoon-wedding-church-150x85.jpg 150w, https:\/\/blog.visual-paradigm.com\/es\/wp-content\/uploads\/sites\/8\/2026\/01\/scene-background-cartoon-wedding-church-400x226.jpg 400w, https:\/\/blog.visual-paradigm.com\/es\/wp-content\/uploads\/sites\/8\/2026\/01\/scene-background-cartoon-wedding-church.jpg 925w\" sizes=\"auto, (max-width: 300px) 100vw, 300px\" \/><\/a>\n<div class=\"pt-cv-colwrap\"><h4 class=\"pt-cv-title\"><a href=\"https:\/\/blog.visual-paradigm.com\/es\/captivating-backgrounds-elevate-your-animation\/\" class=\"_self\" target=\"_self\" >Fondos cautivadores: eleve su animaci\u00f3n<\/a><\/h4><div class=\"pt-cv-content\">Crear animaciones cautivadoras implica m\u00e1s que personajes din\u00e1micos y tramas atractivas; los fondos desempe\u00f1an un papel fundamental para establecer el ambiente y enriquecer la narrativa. Ya sea que est\u00e9 desarrollando un cortometraje animado, una presentaci\u00f3n o un video de marketing, ...<br \/><div class=\"pt-cv-rmwrap\"><a href=\"https:\/\/blog.visual-paradigm.com\/es\/captivating-backgrounds-elevate-your-animation\/\" class=\"_self pt-cv-readmore btn btn-success\" target=\"_self\">Leer m\u00e1s<\/a><\/div><\/div><\/div><\/div><\/div><\/div><\/div>\n<div class=\" pt-cv-pagination-wrapper\"><ul class=\"pt-cv-pagination pt-cv-ajax pagination\" data-totalpages=\"182\" data-currentpage=\"1\" data-sid=\"d319a2bm5h\" data-unid=\"\" data-isblock=\"\" data-postid=\"\"><li class=\"active\"><a href=\"#\">1<\/a><\/li>\n\t<li ><a class=\"\" href=\"https:\/\/blog.visual-paradigm.com\/es\/wp-json\/wp\/v2\/pages\/212\/?_page=2\">2<\/a><\/li>\n\t<li ><a class=\"\" href=\"https:\/\/blog.visual-paradigm.com\/es\/wp-json\/wp\/v2\/pages\/212\/?_page=3\">3<\/a><\/li>\n\t<li ><a href=\"#\">&hellip;<\/a><\/li>\n\t<li ><a class=\"\" href=\"https:\/\/blog.visual-paradigm.com\/es\/wp-json\/wp\/v2\/pages\/212\/?_page=182\">182<\/a><\/li>\n\t<li ><a class=\" \" href=\"https:\/\/blog.visual-paradigm.com\/es\/wp-json\/wp\/v2\/pages\/212\/?_page=2\">&rsaquo;<\/a><\/li>\n\t<\/ul><img loading=\"lazy\" decoding=\"async\" width=\"15\" height=\"15\" class=\"pt-cv-spinner\" alt=\"Cargando...\" src=\"data:image\/gif;base64,R0lGODlhDwAPALMPAMrKygwMDJOTkz09PZWVla+vr3p6euTk5M7OzuXl5TMzMwAAAJmZmWZmZszMzP\/\/\/yH\/C05FVFNDQVBFMi4wAwEAAAAh+QQFCgAPACwAAAAADwAPAAAEQvDJaZaZOIcV8iQK8VRX4iTYoAwZ4iCYoAjZ4RxejhVNoT+mRGP4cyF4Pp0N98sBGIBMEMOotl6YZ3S61Bmbkm4mAgAh+QQFCgAPACwAAAAADQANAAAENPDJSRSZeA418itN8QiK8BiLITVsFiyBBIoYqnoewAD4xPw9iY4XLGYSjkQR4UAUD45DLwIAIfkEBQoADwAsAAAAAA8ACQAABC\/wyVlamTi3nSdgwFNdhEJgTJoNyoB9ISYoQmdjiZPcj7EYCAeCF1gEDo4Dz2eIAAAh+QQFCgAPACwCAAAADQANAAAEM\/DJBxiYeLKdX3IJZT1FU0iIg2RNKx3OkZVnZ98ToRD4MyiDnkAh6BkNC0MvsAj0kMpHBAAh+QQFCgAPACwGAAAACQAPAAAEMDC59KpFDll73HkAA2wVY5KgiK5b0RRoI6MuzG6EQqCDMlSGheEhUAgqgUUAFRySIgAh+QQFCgAPACwCAAIADQANAAAEM\/DJKZNLND\/kkKaHc3xk+QAMYDKsiaqmZCxGVjSFFCxB1vwy2oOgIDxuucxAMTAJFAJNBAAh+QQFCgAPACwAAAYADwAJAAAEMNAs86q1yaWwwv2Ig0jUZx3OYa4XoRAfwADXoAwfo1+CIjyFRuEho60aSNYlOPxEAAAh+QQFCgAPACwAAAIADQANAAAENPA9s4y8+IUVcqaWJ4qEQozSoAzoIyhCK2NFU2SJk0hNnyEOhKR2AzAAj4Pj4GE4W0bkJQIAOw==\" \/><div class=\"clear pt-cv-clear-pagination\"><\/div><\/div><\/div>\n","protected":false},"excerpt":{"rendered":"","protected":false},"author":1,"featured_media":0,"parent":0,"menu_order":0,"comment_status":"closed","ping_status":"closed","template":"","meta":{"_lmt_disableupdate":"","_lmt_disable":"","footnotes":""},"class_list":["post-212","page","type-page","status-publish","hentry","page-entry","loop-entry","clr"],"yoast_head":"<!-- This site is optimized with the Yoast SEO plugin v24.3 - https:\/\/yoast.com\/wordpress\/plugins\/seo\/ -->\n<title>Home - Visual Paradigm Blog Espa\u00f1ol<\/title>\n<meta name=\"robots\" content=\"index, follow, max-snippet:-1, max-image-preview:large, max-video-preview:-1\" \/>\n<link rel=\"canonical\" href=\"https:\/\/blog.visual-paradigm.com\/es\/\" \/>\n<meta property=\"og:locale\" content=\"es_ES\" \/>\n<meta property=\"og:type\" content=\"article\" \/>\n<meta property=\"og:title\" content=\"Home - Visual Paradigm Blog Espa\u00f1ol\" \/>\n<meta property=\"og:url\" content=\"https:\/\/blog.visual-paradigm.com\/es\/\" \/>\n<meta property=\"og:site_name\" content=\"Visual Paradigm Blog Espa\u00f1ol\" \/>\n<meta property=\"article:modified_time\" content=\"2022-10-19T01:58:21+00:00\" \/>\n<meta name=\"twitter:card\" content=\"summary_large_image\" \/>\n<meta name=\"twitter:label1\" content=\"Tiempo de lectura\" \/>\n\t<meta name=\"twitter:data1\" content=\"1 minuto\" \/>\n<script type=\"application\/ld+json\" class=\"yoast-schema-graph\">{\"@context\":\"https:\/\/schema.org\",\"@graph\":[{\"@type\":\"WebPage\",\"@id\":\"https:\/\/blog.visual-paradigm.com\/es\/\",\"url\":\"https:\/\/blog.visual-paradigm.com\/es\/\",\"name\":\"Home - Visual Paradigm Blog Espa\u00f1ol\",\"isPartOf\":{\"@id\":\"https:\/\/blog.visual-paradigm.com\/es\/#website\"},\"datePublished\":\"2020-10-27T08:13:06+00:00\",\"dateModified\":\"2022-10-19T01:58:21+00:00\",\"breadcrumb\":{\"@id\":\"https:\/\/blog.visual-paradigm.com\/es\/#breadcrumb\"},\"inLanguage\":\"es\",\"potentialAction\":[{\"@type\":\"ReadAction\",\"target\":[\"https:\/\/blog.visual-paradigm.com\/es\/\"]}]},{\"@type\":\"BreadcrumbList\",\"@id\":\"https:\/\/blog.visual-paradigm.com\/es\/#breadcrumb\",\"itemListElement\":[{\"@type\":\"ListItem\",\"position\":1,\"name\":\"Home\",\"item\":\"https:\/\/blog.visual-paradigm.com\/es\/\"},{\"@type\":\"ListItem\",\"position\":2,\"name\":\"Home\"}]},{\"@type\":\"WebSite\",\"@id\":\"https:\/\/blog.visual-paradigm.com\/es\/#website\",\"url\":\"https:\/\/blog.visual-paradigm.com\/es\/\",\"name\":\"Visual Paradigm Blog Espa\u00f1ol\",\"description\":\"\",\"potentialAction\":[{\"@type\":\"SearchAction\",\"target\":{\"@type\":\"EntryPoint\",\"urlTemplate\":\"https:\/\/blog.visual-paradigm.com\/es\/?s={search_term_string}\"},\"query-input\":{\"@type\":\"PropertyValueSpecification\",\"valueRequired\":true,\"valueName\":\"search_term_string\"}}],\"inLanguage\":\"es\"}]}<\/script>\n<!-- \/ Yoast SEO plugin. -->","yoast_head_json":{"title":"Home - Visual Paradigm Blog Espa\u00f1ol","robots":{"index":"index","follow":"follow","max-snippet":"max-snippet:-1","max-image-preview":"max-image-preview:large","max-video-preview":"max-video-preview:-1"},"canonical":"https:\/\/blog.visual-paradigm.com\/es\/","og_locale":"es_ES","og_type":"article","og_title":"Home - Visual Paradigm Blog Espa\u00f1ol","og_url":"https:\/\/blog.visual-paradigm.com\/es\/","og_site_name":"Visual Paradigm Blog Espa\u00f1ol","article_modified_time":"2022-10-19T01:58:21+00:00","twitter_card":"summary_large_image","twitter_misc":{"Tiempo de lectura":"1 minuto"},"schema":{"@context":"https:\/\/schema.org","@graph":[{"@type":"WebPage","@id":"https:\/\/blog.visual-paradigm.com\/es\/","url":"https:\/\/blog.visual-paradigm.com\/es\/","name":"Home - Visual Paradigm Blog Espa\u00f1ol","isPartOf":{"@id":"https:\/\/blog.visual-paradigm.com\/es\/#website"},"datePublished":"2020-10-27T08:13:06+00:00","dateModified":"2022-10-19T01:58:21+00:00","breadcrumb":{"@id":"https:\/\/blog.visual-paradigm.com\/es\/#breadcrumb"},"inLanguage":"es","potentialAction":[{"@type":"ReadAction","target":["https:\/\/blog.visual-paradigm.com\/es\/"]}]},{"@type":"BreadcrumbList","@id":"https:\/\/blog.visual-paradigm.com\/es\/#breadcrumb","itemListElement":[{"@type":"ListItem","position":1,"name":"Home","item":"https:\/\/blog.visual-paradigm.com\/es\/"},{"@type":"ListItem","position":2,"name":"Home"}]},{"@type":"WebSite","@id":"https:\/\/blog.visual-paradigm.com\/es\/#website","url":"https:\/\/blog.visual-paradigm.com\/es\/","name":"Visual Paradigm Blog Espa\u00f1ol","description":"","potentialAction":[{"@type":"SearchAction","target":{"@type":"EntryPoint","urlTemplate":"https:\/\/blog.visual-paradigm.com\/es\/?s={search_term_string}"},"query-input":{"@type":"PropertyValueSpecification","valueRequired":true,"valueName":"search_term_string"}}],"inLanguage":"es"}]}},"_links":{"self":[{"href":"https:\/\/blog.visual-paradigm.com\/es\/wp-json\/wp\/v2\/pages\/212","targetHints":{"allow":["GET"]}}],"collection":[{"href":"https:\/\/blog.visual-paradigm.com\/es\/wp-json\/wp\/v2\/pages"}],"about":[{"href":"https:\/\/blog.visual-paradigm.com\/es\/wp-json\/wp\/v2\/types\/page"}],"author":[{"embeddable":true,"href":"https:\/\/blog.visual-paradigm.com\/es\/wp-json\/wp\/v2\/users\/1"}],"replies":[{"embeddable":true,"href":"https:\/\/blog.visual-paradigm.com\/es\/wp-json\/wp\/v2\/comments?post=212"}],"version-history":[{"count":84,"href":"https:\/\/blog.visual-paradigm.com\/es\/wp-json\/wp\/v2\/pages\/212\/revisions"}],"predecessor-version":[{"id":6940,"href":"https:\/\/blog.visual-paradigm.com\/es\/wp-json\/wp\/v2\/pages\/212\/revisions\/6940"}],"wp:attachment":[{"href":"https:\/\/blog.visual-paradigm.com\/es\/wp-json\/wp\/v2\/media?parent=212"}],"curies":[{"name":"wp","href":"https:\/\/api.w.org\/{rel}","templated":true}]}}