{"id":212,"date":"2020-10-27T16:13:06","date_gmt":"2020-10-27T08:13:06","guid":{"rendered":"https:\/\/blog.visual-paradigm.com\/fr\/?page_id=212"},"modified":"2022-10-19T10:02:50","modified_gmt":"2022-10-19T02:02:50","slug":"elementor-212","status":"publish","type":"page","link":"https:\/\/blog.visual-paradigm.com\/fr\/","title":{"rendered":"Home"},"content":{"rendered":"<div class=\"pt-cv-wrapper\"><div class=\"pt-cv-view pt-cv-grid pt-cv-colsys\" id=\"pt-cv-view-d319a2bm5h\"><div data-id=\"pt-cv-page-1\" class=\"pt-cv-page\" data-cvc=\"1\"><div class=\"col-md-12 col-sm-12 col-xs-12 pt-cv-content-item pt-cv-2-col\" ><div class='pt-cv-ifield'><a href=\"https:\/\/blog.visual-paradigm.com\/fr\/how-to-view-powerpoint-online-in-a-web-browser\/\" class=\"_self pt-cv-href-thumbnail pt-cv-thumb-left\" target=\"_self\" ><img loading=\"lazy\" decoding=\"async\" width=\"300\" height=\"209\" src=\"https:\/\/blog.visual-paradigm.com\/fr\/wp-content\/uploads\/sites\/9\/2026\/01\/Tools-editing-PPT-300x209.jpg\" class=\"pt-cv-thumbnail pull-left\" alt=\"\" srcset=\"https:\/\/blog.visual-paradigm.com\/fr\/wp-content\/uploads\/sites\/9\/2026\/01\/Tools-editing-PPT-300x209.jpg 300w, https:\/\/blog.visual-paradigm.com\/fr\/wp-content\/uploads\/sites\/9\/2026\/01\/Tools-editing-PPT-150x105.jpg 150w, https:\/\/blog.visual-paradigm.com\/fr\/wp-content\/uploads\/sites\/9\/2026\/01\/Tools-editing-PPT-400x279.jpg 400w, https:\/\/blog.visual-paradigm.com\/fr\/wp-content\/uploads\/sites\/9\/2026\/01\/Tools-editing-PPT.jpg 574w\" sizes=\"auto, (max-width: 300px) 100vw, 300px\" \/><\/a>\n<div class=\"pt-cv-colwrap\"><h4 class=\"pt-cv-title\"><a href=\"https:\/\/blog.visual-paradigm.com\/fr\/how-to-view-powerpoint-online-in-a-web-browser\/\" class=\"_self\" target=\"_self\" >Comment visualiser PowerPoint en ligne dans un navigateur web<\/a><\/h4><div class=\"pt-cv-content\">Si vous recherchez un moyen pratique et efficace de visualiser et d'\u00e9diter vos pr\u00e9sentations PowerPoint, voici quelque chose qui r\u00e9pondra \u00e0 vos besoins ! Dans cet article, nous vous fournirons un aper\u00e7u complet de la fa\u00e7on dont Visionneuse PowerPoint en ...<br \/><div class=\"pt-cv-rmwrap\"><a href=\"https:\/\/blog.visual-paradigm.com\/fr\/how-to-view-powerpoint-online-in-a-web-browser\/\" class=\"_self pt-cv-readmore btn btn-success\" target=\"_self\">Lire la suite<\/a><\/div><\/div><\/div><\/div><\/div>\n<div class=\"col-md-12 col-sm-12 col-xs-12 pt-cv-content-item pt-cv-2-col\" ><div class='pt-cv-ifield'><a href=\"https:\/\/blog.visual-paradigm.com\/fr\/beginners-guide-to-package-diagrams-with-visual-paradigm-online\/\" class=\"_self pt-cv-href-thumbnail pt-cv-thumb-left\" target=\"_self\" ><img loading=\"lazy\" decoding=\"async\" width=\"300\" height=\"238\" src=\"https:\/\/blog.visual-paradigm.com\/fr\/wp-content\/uploads\/sites\/9\/2026\/01\/img_650bcedb54427-300x238.png\" class=\"pt-cv-thumbnail pull-left\" alt=\"\" srcset=\"https:\/\/blog.visual-paradigm.com\/fr\/wp-content\/uploads\/sites\/9\/2026\/01\/img_650bcedb54427-300x238.png 300w, https:\/\/blog.visual-paradigm.com\/fr\/wp-content\/uploads\/sites\/9\/2026\/01\/img_650bcedb54427-768x610.png 768w, https:\/\/blog.visual-paradigm.com\/fr\/wp-content\/uploads\/sites\/9\/2026\/01\/img_650bcedb54427-150x119.png 150w, https:\/\/blog.visual-paradigm.com\/fr\/wp-content\/uploads\/sites\/9\/2026\/01\/img_650bcedb54427-400x318.png 400w, https:\/\/blog.visual-paradigm.com\/fr\/wp-content\/uploads\/sites\/9\/2026\/01\/img_650bcedb54427.png 964w\" sizes=\"auto, (max-width: 300px) 100vw, 300px\" \/><\/a>\n<div class=\"pt-cv-colwrap\"><h4 class=\"pt-cv-title\"><a href=\"https:\/\/blog.visual-paradigm.com\/fr\/beginners-guide-to-package-diagrams-with-visual-paradigm-online\/\" class=\"_self\" target=\"_self\" >Guide pour d\u00e9butants sur les diagrammes de paquetages avec Visual Paradigm Online<\/a><\/h4><div class=\"pt-cv-content\">Introduction Les diagrammes de paquetages sont un outil essentiel en g\u00e9nie logiciel, qui vous aide \u00e0 organiser et \u00e0 visualiser la structure de votre syst\u00e8me logiciel. Ils font partie du langage de mod\u00e9lisation unifi\u00e9 (UML) et offrent une vue d'ensemble ...<br \/><div class=\"pt-cv-rmwrap\"><a href=\"https:\/\/blog.visual-paradigm.com\/fr\/beginners-guide-to-package-diagrams-with-visual-paradigm-online\/\" class=\"_self pt-cv-readmore btn btn-success\" target=\"_self\">Lire la suite<\/a><\/div><\/div><\/div><\/div><\/div>\n<div class=\"col-md-12 col-sm-12 col-xs-12 pt-cv-content-item pt-cv-2-col\" ><div class='pt-cv-ifield'><a href=\"https:\/\/blog.visual-paradigm.com\/fr\/unveiling-the-power-of-c4-model-simplifying-software-architecture-diagrams\/\" class=\"_self pt-cv-href-thumbnail pt-cv-thumb-left\" target=\"_self\" ><img loading=\"lazy\" decoding=\"async\" width=\"300\" height=\"171\" src=\"https:\/\/blog.visual-paradigm.com\/fr\/wp-content\/uploads\/sites\/9\/2026\/01\/img_65113d8d4326b-300x171.png\" class=\"pt-cv-thumbnail pull-left\" alt=\"\" srcset=\"https:\/\/blog.visual-paradigm.com\/fr\/wp-content\/uploads\/sites\/9\/2026\/01\/img_65113d8d4326b-300x171.png 300w, https:\/\/blog.visual-paradigm.com\/fr\/wp-content\/uploads\/sites\/9\/2026\/01\/img_65113d8d4326b-1030x585.png 1030w, https:\/\/blog.visual-paradigm.com\/fr\/wp-content\/uploads\/sites\/9\/2026\/01\/img_65113d8d4326b-768x437.png 768w, https:\/\/blog.visual-paradigm.com\/fr\/wp-content\/uploads\/sites\/9\/2026\/01\/img_65113d8d4326b-150x85.png 150w, https:\/\/blog.visual-paradigm.com\/fr\/wp-content\/uploads\/sites\/9\/2026\/01\/img_65113d8d4326b-400x227.png 400w, https:\/\/blog.visual-paradigm.com\/fr\/wp-content\/uploads\/sites\/9\/2026\/01\/img_65113d8d4326b.png 1170w\" sizes=\"auto, (max-width: 300px) 100vw, 300px\" \/><\/a>\n<div class=\"pt-cv-colwrap\"><h4 class=\"pt-cv-title\"><a href=\"https:\/\/blog.visual-paradigm.com\/fr\/unveiling-the-power-of-c4-model-simplifying-software-architecture-diagrams\/\" class=\"_self\" target=\"_self\" >R\u00e9v\u00e9ler la puissance du mod\u00e8le C4 : simplifier les diagrammes d&#8217;architecture logicielle<\/a><\/h4><div class=\"pt-cv-content\">Introduction Dans le monde complexe du d\u00e9veloppement logiciel, traduire des conceptions architecturales complexes en diagrammes significatifs et compr\u00e9hensibles est souvent un d\u00e9fi majeur. La communication efficace au sein des \u00e9quipes de d\u00e9veloppement et avec les parties prenantes repose sur la ...<br \/><div class=\"pt-cv-rmwrap\"><a href=\"https:\/\/blog.visual-paradigm.com\/fr\/unveiling-the-power-of-c4-model-simplifying-software-architecture-diagrams\/\" class=\"_self pt-cv-readmore btn btn-success\" target=\"_self\">Lire la suite<\/a><\/div><\/div><\/div><\/div><\/div>\n<div class=\"col-md-12 col-sm-12 col-xs-12 pt-cv-content-item pt-cv-2-col\" ><div class='pt-cv-ifield'><a href=\"https:\/\/blog.visual-paradigm.com\/fr\/how-to-host-digital-slideshow-by-yourself\/\" class=\"_self pt-cv-href-thumbnail pt-cv-thumb-left\" target=\"_self\" ><img loading=\"lazy\" decoding=\"async\" width=\"300\" height=\"214\" src=\"https:\/\/blog.visual-paradigm.com\/fr\/wp-content\/uploads\/sites\/9\/2026\/01\/How-to-Host-Digital-Slideshow-by-Yourself-300x214.png\" class=\"pt-cv-thumbnail pull-left\" alt=\"\" srcset=\"https:\/\/blog.visual-paradigm.com\/fr\/wp-content\/uploads\/sites\/9\/2026\/01\/How-to-Host-Digital-Slideshow-by-Yourself-300x214.png 300w, https:\/\/blog.visual-paradigm.com\/fr\/wp-content\/uploads\/sites\/9\/2026\/01\/How-to-Host-Digital-Slideshow-by-Yourself-150x107.png 150w, https:\/\/blog.visual-paradigm.com\/fr\/wp-content\/uploads\/sites\/9\/2026\/01\/How-to-Host-Digital-Slideshow-by-Yourself-400x285.png 400w, https:\/\/blog.visual-paradigm.com\/fr\/wp-content\/uploads\/sites\/9\/2026\/01\/How-to-Host-Digital-Slideshow-by-Yourself.png 561w\" sizes=\"auto, (max-width: 300px) 100vw, 300px\" \/><\/a>\n<div class=\"pt-cv-colwrap\"><h4 class=\"pt-cv-title\"><a href=\"https:\/\/blog.visual-paradigm.com\/fr\/how-to-host-digital-slideshow-by-yourself\/\" class=\"_self\" target=\"_self\" >Comment h\u00e9berger soi-m\u00eame une pr\u00e9sentation num\u00e9rique<\/a><\/h4><div class=\"pt-cv-content\">Vous donner la capacit\u00e9 d'h\u00e9berger ind\u00e9pendamment des pr\u00e9sentations num\u00e9riques renforce votre ma\u00eetrise de l'acc\u00e8s au contenu et de la s\u00e9curit\u00e9.Visual ParadigmSon serveur de publication robuste propose une solution qui permet aux utilisateurs d'h\u00e9berger leurs pr\u00e9sentations num\u00e9riques de mani\u00e8re ind\u00e9pendante, leur ...<br \/><div class=\"pt-cv-rmwrap\"><a href=\"https:\/\/blog.visual-paradigm.com\/fr\/how-to-host-digital-slideshow-by-yourself\/\" class=\"_self pt-cv-readmore btn btn-success\" target=\"_self\">Lire la suite<\/a><\/div><\/div><\/div><\/div><\/div>\n<div class=\"col-md-12 col-sm-12 col-xs-12 pt-cv-content-item pt-cv-2-col\" ><div class='pt-cv-ifield'><a href=\"https:\/\/blog.visual-paradigm.com\/fr\/say-goodbye-to-language-barriers-with-ai-image-translation-magic\/\" class=\"_self pt-cv-href-thumbnail pt-cv-thumb-left\" target=\"_self\" ><img loading=\"lazy\" decoding=\"async\" width=\"300\" height=\"206\" src=\"https:\/\/blog.visual-paradigm.com\/fr\/wp-content\/uploads\/sites\/9\/2026\/01\/Example-of-a-translated-sign-with-different-font-customizations-01-300x206.jpg\" class=\"pt-cv-thumbnail pull-left\" alt=\"\" srcset=\"https:\/\/blog.visual-paradigm.com\/fr\/wp-content\/uploads\/sites\/9\/2026\/01\/Example-of-a-translated-sign-with-different-font-customizations-01-300x206.jpg 300w, https:\/\/blog.visual-paradigm.com\/fr\/wp-content\/uploads\/sites\/9\/2026\/01\/Example-of-a-translated-sign-with-different-font-customizations-01-1030x708.jpg 1030w, https:\/\/blog.visual-paradigm.com\/fr\/wp-content\/uploads\/sites\/9\/2026\/01\/Example-of-a-translated-sign-with-different-font-customizations-01-768x528.jpg 768w, https:\/\/blog.visual-paradigm.com\/fr\/wp-content\/uploads\/sites\/9\/2026\/01\/Example-of-a-translated-sign-with-different-font-customizations-01-150x103.jpg 150w, https:\/\/blog.visual-paradigm.com\/fr\/wp-content\/uploads\/sites\/9\/2026\/01\/Example-of-a-translated-sign-with-different-font-customizations-01-400x275.jpg 400w, https:\/\/blog.visual-paradigm.com\/fr\/wp-content\/uploads\/sites\/9\/2026\/01\/Example-of-a-translated-sign-with-different-font-customizations-01.jpg 1280w\" sizes=\"auto, (max-width: 300px) 100vw, 300px\" \/><\/a>\n<div class=\"pt-cv-colwrap\"><h4 class=\"pt-cv-title\"><a href=\"https:\/\/blog.visual-paradigm.com\/fr\/say-goodbye-to-language-barriers-with-ai-image-translation-magic\/\" class=\"_self\" target=\"_self\" >Dites adieu aux barri\u00e8res linguistiques avec la magie de la traduction d&#8217;images par IA<\/a><\/h4><div class=\"pt-cv-content\">Avez-vous d\u00e9j\u00e0 fix\u00e9 un \u00e9tiquette, un panneau ou un document \u00e9tranger et souhait\u00e9 pouvoir le comprendre instantan\u00e9ment ?Le traducteur d'images par IA de Visual Paradigm Online est l\u00e0 pour r\u00e9aliser ce souhait. Ce n\u2019est pas simplement un autre outil technologique ...<br \/><div class=\"pt-cv-rmwrap\"><a href=\"https:\/\/blog.visual-paradigm.com\/fr\/say-goodbye-to-language-barriers-with-ai-image-translation-magic\/\" class=\"_self pt-cv-readmore btn btn-success\" target=\"_self\">Lire la suite<\/a><\/div><\/div><\/div><\/div><\/div>\n<div class=\"col-md-12 col-sm-12 col-xs-12 pt-cv-content-item pt-cv-2-col\" ><div class='pt-cv-ifield'><a href=\"https:\/\/blog.visual-paradigm.com\/fr\/captivating-backgrounds-elevate-your-animation\/\" class=\"_self pt-cv-href-thumbnail pt-cv-thumb-left\" target=\"_self\" ><img loading=\"lazy\" decoding=\"async\" width=\"300\" height=\"169\" src=\"https:\/\/blog.visual-paradigm.com\/fr\/wp-content\/uploads\/sites\/9\/2026\/01\/scene-background-cartoon-wedding-church-300x169.jpg\" class=\"pt-cv-thumbnail pull-left\" alt=\"\" srcset=\"https:\/\/blog.visual-paradigm.com\/fr\/wp-content\/uploads\/sites\/9\/2026\/01\/scene-background-cartoon-wedding-church-300x169.jpg 300w, https:\/\/blog.visual-paradigm.com\/fr\/wp-content\/uploads\/sites\/9\/2026\/01\/scene-background-cartoon-wedding-church-768x433.jpg 768w, https:\/\/blog.visual-paradigm.com\/fr\/wp-content\/uploads\/sites\/9\/2026\/01\/scene-background-cartoon-wedding-church-150x85.jpg 150w, https:\/\/blog.visual-paradigm.com\/fr\/wp-content\/uploads\/sites\/9\/2026\/01\/scene-background-cartoon-wedding-church-400x226.jpg 400w, https:\/\/blog.visual-paradigm.com\/fr\/wp-content\/uploads\/sites\/9\/2026\/01\/scene-background-cartoon-wedding-church.jpg 925w\" sizes=\"auto, (max-width: 300px) 100vw, 300px\" \/><\/a>\n<div class=\"pt-cv-colwrap\"><h4 class=\"pt-cv-title\"><a href=\"https:\/\/blog.visual-paradigm.com\/fr\/captivating-backgrounds-elevate-your-animation\/\" class=\"_self\" target=\"_self\" >Arri\u00e8re-plans captivants : am\u00e9liorez votre animation<\/a><\/h4><div class=\"pt-cv-content\">Cr\u00e9er des animations captivantes va au-del\u00e0 de personnages dynamiques et d'intrigues engageantes ; les arri\u00e8re-plans jouent un r\u00f4le essentiel dans l'ambiance et le renforcement du r\u00e9cit. Que vous d\u00e9veloppiez un court m\u00e9trage anim\u00e9, une pr\u00e9sentation ou une vid\u00e9o marketing, le ...<br \/><div class=\"pt-cv-rmwrap\"><a href=\"https:\/\/blog.visual-paradigm.com\/fr\/captivating-backgrounds-elevate-your-animation\/\" class=\"_self pt-cv-readmore btn btn-success\" target=\"_self\">Lire la suite<\/a><\/div><\/div><\/div><\/div><\/div>\n<div class=\"col-md-12 col-sm-12 col-xs-12 pt-cv-content-item pt-cv-2-col\" ><div class='pt-cv-ifield'><a href=\"https:\/\/blog.visual-paradigm.com\/fr\/how-to-create-your-own-work-portfolio\/\" class=\"_self pt-cv-href-thumbnail pt-cv-thumb-left\" target=\"_self\" ><\/a>\n<div class=\"pt-cv-colwrap\"><h4 class=\"pt-cv-title\"><a href=\"https:\/\/blog.visual-paradigm.com\/fr\/how-to-create-your-own-work-portfolio\/\" class=\"_self\" target=\"_self\" >Comment cr\u00e9er votre propre portfolio professionnel<\/a><\/h4><div class=\"pt-cv-content\">Cr\u00e9er votre propre portfolio professionnel est essentiel dans diverses situations professionnelles, telles que postuler \u00e0 un emploi, pr\u00e9senter vos comp\u00e9tences \u00e0 des clients potentiels ou exposer vos r\u00e9alisations lors d'une r\u00e9union d'affaires. Un portfolio bien structur\u00e9 met en \u00e9vidence votre ...<br \/><div class=\"pt-cv-rmwrap\"><a href=\"https:\/\/blog.visual-paradigm.com\/fr\/how-to-create-your-own-work-portfolio\/\" class=\"_self pt-cv-readmore btn btn-success\" target=\"_self\">Lire la suite<\/a><\/div><\/div><\/div><\/div><\/div><\/div><\/div>\n<div class=\" pt-cv-pagination-wrapper\"><ul class=\"pt-cv-pagination pt-cv-ajax pagination\" data-totalpages=\"180\" data-currentpage=\"1\" data-sid=\"d319a2bm5h\" data-unid=\"\" data-isblock=\"\" data-postid=\"\"><li class=\"active\"><a href=\"#\">1<\/a><\/li>\n\t<li ><a class=\"\" href=\"https:\/\/blog.visual-paradigm.com\/fr\/wp-json\/wp\/v2\/pages\/212\/?_page=2\">2<\/a><\/li>\n\t<li ><a class=\"\" href=\"https:\/\/blog.visual-paradigm.com\/fr\/wp-json\/wp\/v2\/pages\/212\/?_page=3\">3<\/a><\/li>\n\t<li ><a href=\"#\">\u2026<\/a><\/li>\n\t<li ><a class=\"\" href=\"https:\/\/blog.visual-paradigm.com\/fr\/wp-json\/wp\/v2\/pages\/212\/?_page=180\">180<\/a><\/li>\n\t<li ><a class=\" \" href=\"https:\/\/blog.visual-paradigm.com\/fr\/wp-json\/wp\/v2\/pages\/212\/?_page=2\">&rsaquo;<\/a><\/li>\n\t<\/ul><img loading=\"lazy\" decoding=\"async\" width=\"15\" height=\"15\" class=\"pt-cv-spinner\" alt=\"Chargement\u2026\" src=\"data:image\/gif;base64,R0lGODlhDwAPALMPAMrKygwMDJOTkz09PZWVla+vr3p6euTk5M7OzuXl5TMzMwAAAJmZmWZmZszMzP\/\/\/yH\/C05FVFNDQVBFMi4wAwEAAAAh+QQFCgAPACwAAAAADwAPAAAEQvDJaZaZOIcV8iQK8VRX4iTYoAwZ4iCYoAjZ4RxejhVNoT+mRGP4cyF4Pp0N98sBGIBMEMOotl6YZ3S61Bmbkm4mAgAh+QQFCgAPACwAAAAADQANAAAENPDJSRSZeA418itN8QiK8BiLITVsFiyBBIoYqnoewAD4xPw9iY4XLGYSjkQR4UAUD45DLwIAIfkEBQoADwAsAAAAAA8ACQAABC\/wyVlamTi3nSdgwFNdhEJgTJoNyoB9ISYoQmdjiZPcj7EYCAeCF1gEDo4Dz2eIAAAh+QQFCgAPACwCAAAADQANAAAEM\/DJBxiYeLKdX3IJZT1FU0iIg2RNKx3OkZVnZ98ToRD4MyiDnkAh6BkNC0MvsAj0kMpHBAAh+QQFCgAPACwGAAAACQAPAAAEMDC59KpFDll73HkAA2wVY5KgiK5b0RRoI6MuzG6EQqCDMlSGheEhUAgqgUUAFRySIgAh+QQFCgAPACwCAAIADQANAAAEM\/DJKZNLND\/kkKaHc3xk+QAMYDKsiaqmZCxGVjSFFCxB1vwy2oOgIDxuucxAMTAJFAJNBAAh+QQFCgAPACwAAAYADwAJAAAEMNAs86q1yaWwwv2Ig0jUZx3OYa4XoRAfwADXoAwfo1+CIjyFRuEho60aSNYlOPxEAAAh+QQFCgAPACwAAAIADQANAAAENPA9s4y8+IUVcqaWJ4qEQozSoAzoIyhCK2NFU2SJk0hNnyEOhKR2AzAAj4Pj4GE4W0bkJQIAOw==\" \/><div class=\"clear pt-cv-clear-pagination\"><\/div><\/div><\/div>\n","protected":false},"excerpt":{"rendered":"","protected":false},"author":1,"featured_media":0,"parent":0,"menu_order":0,"comment_status":"closed","ping_status":"closed","template":"","meta":{"_lmt_disableupdate":"","_lmt_disable":"","footnotes":""},"class_list":["post-212","page","type-page","status-publish","hentry","page-entry","loop-entry","clr"],"yoast_head":"<!-- This site is optimized with the Yoast SEO plugin v24.3 - https:\/\/yoast.com\/wordpress\/plugins\/seo\/ -->\n<title>Home - Visual Paradigm Blog Fran\u00e7ais<\/title>\n<meta name=\"robots\" content=\"index, follow, max-snippet:-1, max-image-preview:large, max-video-preview:-1\" \/>\n<link rel=\"canonical\" href=\"https:\/\/blog.visual-paradigm.com\/fr\/\" \/>\n<meta property=\"og:locale\" content=\"fr_FR\" \/>\n<meta property=\"og:type\" content=\"article\" \/>\n<meta property=\"og:title\" content=\"Home - Visual Paradigm Blog Fran\u00e7ais\" \/>\n<meta property=\"og:url\" content=\"https:\/\/blog.visual-paradigm.com\/fr\/\" \/>\n<meta property=\"og:site_name\" content=\"Visual Paradigm Blog Fran\u00e7ais\" \/>\n<meta property=\"article:modified_time\" content=\"2022-10-19T02:02:50+00:00\" \/>\n<meta name=\"twitter:card\" content=\"summary_large_image\" \/>\n<meta name=\"twitter:label1\" content=\"Dur\u00e9e de lecture estim\u00e9e\" \/>\n\t<meta name=\"twitter:data1\" content=\"1 minute\" \/>\n<script type=\"application\/ld+json\" class=\"yoast-schema-graph\">{\"@context\":\"https:\/\/schema.org\",\"@graph\":[{\"@type\":\"WebPage\",\"@id\":\"https:\/\/blog.visual-paradigm.com\/fr\/\",\"url\":\"https:\/\/blog.visual-paradigm.com\/fr\/\",\"name\":\"Home - Visual Paradigm Blog Fran\u00e7ais\",\"isPartOf\":{\"@id\":\"https:\/\/blog.visual-paradigm.com\/fr\/#website\"},\"datePublished\":\"2020-10-27T08:13:06+00:00\",\"dateModified\":\"2022-10-19T02:02:50+00:00\",\"breadcrumb\":{\"@id\":\"https:\/\/blog.visual-paradigm.com\/fr\/#breadcrumb\"},\"inLanguage\":\"fr-FR\",\"potentialAction\":[{\"@type\":\"ReadAction\",\"target\":[\"https:\/\/blog.visual-paradigm.com\/fr\/\"]}]},{\"@type\":\"BreadcrumbList\",\"@id\":\"https:\/\/blog.visual-paradigm.com\/fr\/#breadcrumb\",\"itemListElement\":[{\"@type\":\"ListItem\",\"position\":1,\"name\":\"Home\",\"item\":\"https:\/\/blog.visual-paradigm.com\/fr\/\"},{\"@type\":\"ListItem\",\"position\":2,\"name\":\"Home\"}]},{\"@type\":\"WebSite\",\"@id\":\"https:\/\/blog.visual-paradigm.com\/fr\/#website\",\"url\":\"https:\/\/blog.visual-paradigm.com\/fr\/\",\"name\":\"Visual Paradigm Blog Fran\u00e7ais\",\"description\":\"\",\"potentialAction\":[{\"@type\":\"SearchAction\",\"target\":{\"@type\":\"EntryPoint\",\"urlTemplate\":\"https:\/\/blog.visual-paradigm.com\/fr\/?s={search_term_string}\"},\"query-input\":{\"@type\":\"PropertyValueSpecification\",\"valueRequired\":true,\"valueName\":\"search_term_string\"}}],\"inLanguage\":\"fr-FR\"}]}<\/script>\n<!-- \/ Yoast SEO plugin. -->","yoast_head_json":{"title":"Home - Visual Paradigm Blog Fran\u00e7ais","robots":{"index":"index","follow":"follow","max-snippet":"max-snippet:-1","max-image-preview":"max-image-preview:large","max-video-preview":"max-video-preview:-1"},"canonical":"https:\/\/blog.visual-paradigm.com\/fr\/","og_locale":"fr_FR","og_type":"article","og_title":"Home - Visual Paradigm Blog Fran\u00e7ais","og_url":"https:\/\/blog.visual-paradigm.com\/fr\/","og_site_name":"Visual Paradigm Blog Fran\u00e7ais","article_modified_time":"2022-10-19T02:02:50+00:00","twitter_card":"summary_large_image","twitter_misc":{"Dur\u00e9e de lecture estim\u00e9e":"1 minute"},"schema":{"@context":"https:\/\/schema.org","@graph":[{"@type":"WebPage","@id":"https:\/\/blog.visual-paradigm.com\/fr\/","url":"https:\/\/blog.visual-paradigm.com\/fr\/","name":"Home - Visual Paradigm Blog Fran\u00e7ais","isPartOf":{"@id":"https:\/\/blog.visual-paradigm.com\/fr\/#website"},"datePublished":"2020-10-27T08:13:06+00:00","dateModified":"2022-10-19T02:02:50+00:00","breadcrumb":{"@id":"https:\/\/blog.visual-paradigm.com\/fr\/#breadcrumb"},"inLanguage":"fr-FR","potentialAction":[{"@type":"ReadAction","target":["https:\/\/blog.visual-paradigm.com\/fr\/"]}]},{"@type":"BreadcrumbList","@id":"https:\/\/blog.visual-paradigm.com\/fr\/#breadcrumb","itemListElement":[{"@type":"ListItem","position":1,"name":"Home","item":"https:\/\/blog.visual-paradigm.com\/fr\/"},{"@type":"ListItem","position":2,"name":"Home"}]},{"@type":"WebSite","@id":"https:\/\/blog.visual-paradigm.com\/fr\/#website","url":"https:\/\/blog.visual-paradigm.com\/fr\/","name":"Visual Paradigm Blog Fran\u00e7ais","description":"","potentialAction":[{"@type":"SearchAction","target":{"@type":"EntryPoint","urlTemplate":"https:\/\/blog.visual-paradigm.com\/fr\/?s={search_term_string}"},"query-input":{"@type":"PropertyValueSpecification","valueRequired":true,"valueName":"search_term_string"}}],"inLanguage":"fr-FR"}]}},"_links":{"self":[{"href":"https:\/\/blog.visual-paradigm.com\/fr\/wp-json\/wp\/v2\/pages\/212","targetHints":{"allow":["GET"]}}],"collection":[{"href":"https:\/\/blog.visual-paradigm.com\/fr\/wp-json\/wp\/v2\/pages"}],"about":[{"href":"https:\/\/blog.visual-paradigm.com\/fr\/wp-json\/wp\/v2\/types\/page"}],"author":[{"embeddable":true,"href":"https:\/\/blog.visual-paradigm.com\/fr\/wp-json\/wp\/v2\/users\/1"}],"replies":[{"embeddable":true,"href":"https:\/\/blog.visual-paradigm.com\/fr\/wp-json\/wp\/v2\/comments?post=212"}],"version-history":[{"count":84,"href":"https:\/\/blog.visual-paradigm.com\/fr\/wp-json\/wp\/v2\/pages\/212\/revisions"}],"predecessor-version":[{"id":6936,"href":"https:\/\/blog.visual-paradigm.com\/fr\/wp-json\/wp\/v2\/pages\/212\/revisions\/6936"}],"wp:attachment":[{"href":"https:\/\/blog.visual-paradigm.com\/fr\/wp-json\/wp\/v2\/media?parent=212"}],"curies":[{"name":"wp","href":"https:\/\/api.w.org\/{rel}","templated":true}]}}