{"id":212,"date":"2020-10-27T16:13:06","date_gmt":"2020-10-27T08:13:06","guid":{"rendered":"https:\/\/blog.visual-paradigm.com\/pl\/?page_id=212"},"modified":"2022-10-19T10:34:17","modified_gmt":"2022-10-19T02:34:17","slug":"elementor-212","status":"publish","type":"page","link":"https:\/\/blog.visual-paradigm.com\/pl\/","title":{"rendered":"Home"},"content":{"rendered":"<div class=\"pt-cv-wrapper\"><div class=\"pt-cv-view pt-cv-grid pt-cv-colsys\" id=\"pt-cv-view-d319a2bm5h\"><div data-id=\"pt-cv-page-1\" class=\"pt-cv-page\" data-cvc=\"1\"><div class=\"col-md-12 col-sm-12 col-xs-12 pt-cv-content-item pt-cv-2-col\" ><div class='pt-cv-ifield'><a href=\"https:\/\/blog.visual-paradigm.com\/pl\/how-to-view-powerpoint-online-in-a-web-browser\/\" class=\"_self pt-cv-href-thumbnail pt-cv-thumb-left\" target=\"_self\" ><img loading=\"lazy\" decoding=\"async\" width=\"300\" height=\"209\" src=\"https:\/\/blog.visual-paradigm.com\/pl\/wp-content\/uploads\/sites\/15\/2026\/01\/Tools-editing-PPT-300x209.jpg\" class=\"pt-cv-thumbnail pull-left\" alt=\"\" srcset=\"https:\/\/blog.visual-paradigm.com\/pl\/wp-content\/uploads\/sites\/15\/2026\/01\/Tools-editing-PPT-300x209.jpg 300w, https:\/\/blog.visual-paradigm.com\/pl\/wp-content\/uploads\/sites\/15\/2026\/01\/Tools-editing-PPT-150x105.jpg 150w, https:\/\/blog.visual-paradigm.com\/pl\/wp-content\/uploads\/sites\/15\/2026\/01\/Tools-editing-PPT-400x279.jpg 400w, https:\/\/blog.visual-paradigm.com\/pl\/wp-content\/uploads\/sites\/15\/2026\/01\/Tools-editing-PPT.jpg 574w\" sizes=\"auto, (max-width: 300px) 100vw, 300px\" \/><\/a>\n<div class=\"pt-cv-colwrap\"><h4 class=\"pt-cv-title\"><a href=\"https:\/\/blog.visual-paradigm.com\/pl\/how-to-view-powerpoint-online-in-a-web-browser\/\" class=\"_self\" target=\"_self\" >Jak wy\u015bwietla\u0107 PowerPointa online w przegl\u0105darce internetowej<\/a><\/h4><div class=\"pt-cv-content\">Je\u015bli szukasz wygodnego i efektywnego sposobu na wy\u015bwietlanie i edytowanie swoich prezentacji PowerPoint, oto co\u015b, co spe\u0142ni Twoje potrzeby! W tym artykule przedstawimy Ci kompleksowy przegl\u0105d tego, jak VP Online Podgl\u0105d PowerPoint dzia\u0142a, a tak\u017ce korzy\u015bci z jego u\u017cywania w ...<br \/><div class=\"pt-cv-rmwrap\"><a href=\"https:\/\/blog.visual-paradigm.com\/pl\/how-to-view-powerpoint-online-in-a-web-browser\/\" class=\"_self pt-cv-readmore btn btn-success\" target=\"_self\">Read More<\/a><\/div><\/div><\/div><\/div><\/div>\n<div class=\"col-md-12 col-sm-12 col-xs-12 pt-cv-content-item pt-cv-2-col\" ><div class='pt-cv-ifield'><a href=\"https:\/\/blog.visual-paradigm.com\/pl\/step-by-step-class-diagram-tutorial-using-visual-paradigm\/\" class=\"_self pt-cv-href-thumbnail pt-cv-thumb-left\" target=\"_self\" ><img loading=\"lazy\" decoding=\"async\" width=\"300\" height=\"171\" src=\"https:\/\/blog.visual-paradigm.com\/pl\/wp-content\/uploads\/sites\/15\/2026\/01\/01-online-class-diagram-example-300x171.png\" class=\"pt-cv-thumbnail pull-left\" alt=\"\" srcset=\"https:\/\/blog.visual-paradigm.com\/pl\/wp-content\/uploads\/sites\/15\/2026\/01\/01-online-class-diagram-example-300x171.png 300w, https:\/\/blog.visual-paradigm.com\/pl\/wp-content\/uploads\/sites\/15\/2026\/01\/01-online-class-diagram-example-1030x585.png 1030w, https:\/\/blog.visual-paradigm.com\/pl\/wp-content\/uploads\/sites\/15\/2026\/01\/01-online-class-diagram-example-768x437.png 768w, https:\/\/blog.visual-paradigm.com\/pl\/wp-content\/uploads\/sites\/15\/2026\/01\/01-online-class-diagram-example-150x85.png 150w, https:\/\/blog.visual-paradigm.com\/pl\/wp-content\/uploads\/sites\/15\/2026\/01\/01-online-class-diagram-example-400x227.png 400w, https:\/\/blog.visual-paradigm.com\/pl\/wp-content\/uploads\/sites\/15\/2026\/01\/01-online-class-diagram-example.png 1170w\" sizes=\"auto, (max-width: 300px) 100vw, 300px\" \/><\/a>\n<div class=\"pt-cv-colwrap\"><h4 class=\"pt-cv-title\"><a href=\"https:\/\/blog.visual-paradigm.com\/pl\/step-by-step-class-diagram-tutorial-using-visual-paradigm\/\" class=\"_self\" target=\"_self\" >Krok po kroku samouczek dotycz\u0105cy diagramu klas przy u\u017cyciu Visual Paradigm<\/a><\/h4><div class=\"pt-cv-content\">Czym jest diagram klas? A diagram klas jest statycznym diagramem strukturalnym w UML (Zjednoczony J\u0119zyk Modelowania) kt\u00f3ry pokazuje klasy systemu, ich atrybuty, metody (operacje) oraz relacje mi\u0119dzy obiektami. S\u0142u\u017cy do modelowania statycznego widoku aplikacji. Dlaczego warto u\u017cywa\u0107 diagramu klas? Wizualna ...<br \/><div class=\"pt-cv-rmwrap\"><a href=\"https:\/\/blog.visual-paradigm.com\/pl\/step-by-step-class-diagram-tutorial-using-visual-paradigm\/\" class=\"_self pt-cv-readmore btn btn-success\" target=\"_self\">Read More<\/a><\/div><\/div><\/div><\/div><\/div>\n<div class=\"col-md-12 col-sm-12 col-xs-12 pt-cv-content-item pt-cv-2-col\" ><div class='pt-cv-ifield'><a href=\"https:\/\/blog.visual-paradigm.com\/pl\/beginners-guide-to-package-diagrams-with-visual-paradigm-online\/\" class=\"_self pt-cv-href-thumbnail pt-cv-thumb-left\" target=\"_self\" ><img loading=\"lazy\" decoding=\"async\" width=\"300\" height=\"238\" src=\"https:\/\/blog.visual-paradigm.com\/pl\/wp-content\/uploads\/sites\/15\/2026\/01\/img_650bcedb54427-300x238.png\" class=\"pt-cv-thumbnail pull-left\" alt=\"\" srcset=\"https:\/\/blog.visual-paradigm.com\/pl\/wp-content\/uploads\/sites\/15\/2026\/01\/img_650bcedb54427-300x238.png 300w, https:\/\/blog.visual-paradigm.com\/pl\/wp-content\/uploads\/sites\/15\/2026\/01\/img_650bcedb54427-768x610.png 768w, https:\/\/blog.visual-paradigm.com\/pl\/wp-content\/uploads\/sites\/15\/2026\/01\/img_650bcedb54427-150x119.png 150w, https:\/\/blog.visual-paradigm.com\/pl\/wp-content\/uploads\/sites\/15\/2026\/01\/img_650bcedb54427-400x318.png 400w, https:\/\/blog.visual-paradigm.com\/pl\/wp-content\/uploads\/sites\/15\/2026\/01\/img_650bcedb54427.png 964w\" sizes=\"auto, (max-width: 300px) 100vw, 300px\" \/><\/a>\n<div class=\"pt-cv-colwrap\"><h4 class=\"pt-cv-title\"><a href=\"https:\/\/blog.visual-paradigm.com\/pl\/beginners-guide-to-package-diagrams-with-visual-paradigm-online\/\" class=\"_self\" target=\"_self\" >Podr\u0119cznik dla pocz\u0105tkuj\u0105cych: Diagramy pakiet\u00f3w w Visual Paradigm Online<\/a><\/h4><div class=\"pt-cv-content\">Wprowadzenie Diagramy pakiet\u00f3w to istotny narz\u0119dzie w in\u017cynierii oprogramowania, pomagaj\u0105ce organizowa\u0107 i wizualizowa\u0107 struktur\u0119 systemu oprogramowania. S\u0105 cz\u0119\u015bci\u0105 j\u0119zyka modelowania jednolitego (UML) i zapewniaj\u0105 widok najwy\u017cszego poziomu, jak r\u00f3\u017cne elementy w systemie s\u0105 grupowane w pakietach. W tym poradniku dla ...<br \/><div class=\"pt-cv-rmwrap\"><a href=\"https:\/\/blog.visual-paradigm.com\/pl\/beginners-guide-to-package-diagrams-with-visual-paradigm-online\/\" class=\"_self pt-cv-readmore btn btn-success\" target=\"_self\">Read More<\/a><\/div><\/div><\/div><\/div><\/div>\n<div class=\"col-md-12 col-sm-12 col-xs-12 pt-cv-content-item pt-cv-2-col\" ><div class='pt-cv-ifield'><a href=\"https:\/\/blog.visual-paradigm.com\/pl\/unveiling-the-power-of-c4-model-simplifying-software-architecture-diagrams\/\" class=\"_self pt-cv-href-thumbnail pt-cv-thumb-left\" target=\"_self\" ><img loading=\"lazy\" decoding=\"async\" width=\"300\" height=\"171\" src=\"https:\/\/blog.visual-paradigm.com\/pl\/wp-content\/uploads\/sites\/15\/2026\/01\/img_65113d8d4326b-300x171.png\" class=\"pt-cv-thumbnail pull-left\" alt=\"\" srcset=\"https:\/\/blog.visual-paradigm.com\/pl\/wp-content\/uploads\/sites\/15\/2026\/01\/img_65113d8d4326b-300x171.png 300w, https:\/\/blog.visual-paradigm.com\/pl\/wp-content\/uploads\/sites\/15\/2026\/01\/img_65113d8d4326b-1030x585.png 1030w, https:\/\/blog.visual-paradigm.com\/pl\/wp-content\/uploads\/sites\/15\/2026\/01\/img_65113d8d4326b-768x437.png 768w, https:\/\/blog.visual-paradigm.com\/pl\/wp-content\/uploads\/sites\/15\/2026\/01\/img_65113d8d4326b-150x85.png 150w, https:\/\/blog.visual-paradigm.com\/pl\/wp-content\/uploads\/sites\/15\/2026\/01\/img_65113d8d4326b-400x227.png 400w, https:\/\/blog.visual-paradigm.com\/pl\/wp-content\/uploads\/sites\/15\/2026\/01\/img_65113d8d4326b.png 1170w\" sizes=\"auto, (max-width: 300px) 100vw, 300px\" \/><\/a>\n<div class=\"pt-cv-colwrap\"><h4 class=\"pt-cv-title\"><a href=\"https:\/\/blog.visual-paradigm.com\/pl\/unveiling-the-power-of-c4-model-simplifying-software-architecture-diagrams\/\" class=\"_self\" target=\"_self\" >Odkrywanie mocy modelu C4: uproszczenie diagram\u00f3w architektury oprogramowania<\/a><\/h4><div class=\"pt-cv-content\">Wprowadzenie W z\u0142o\u017conym \u015bwiecie rozwoju oprogramowania przek\u0142adanie skomplikowanych projekt\u00f3w architektonicznych na znacz\u0105ce i zrozumia\u0142e diagramy cz\u0119sto stanowi powa\u017cne wyzwanie. Skuteczna komunikacja w zespo\u0142ach programistycznych i z interesariuszami opiera si\u0119 na zdolno\u015bci do jasnego przekazania esencji architektury systemu. Pojawia si\u0119 model ...<br \/><div class=\"pt-cv-rmwrap\"><a href=\"https:\/\/blog.visual-paradigm.com\/pl\/unveiling-the-power-of-c4-model-simplifying-software-architecture-diagrams\/\" class=\"_self pt-cv-readmore btn btn-success\" target=\"_self\">Read More<\/a><\/div><\/div><\/div><\/div><\/div>\n<div class=\"col-md-12 col-sm-12 col-xs-12 pt-cv-content-item pt-cv-2-col\" ><div class='pt-cv-ifield'><a href=\"https:\/\/blog.visual-paradigm.com\/pl\/insert-a-scene-to-your-video\/\" class=\"_self pt-cv-href-thumbnail pt-cv-thumb-left\" target=\"_self\" ><img loading=\"lazy\" decoding=\"async\" width=\"300\" height=\"198\" src=\"https:\/\/blog.visual-paradigm.com\/pl\/wp-content\/uploads\/sites\/15\/2026\/01\/Insert-a-Scene-to-Your-Video-300x198.jpg\" class=\"pt-cv-thumbnail pull-left\" alt=\"\" srcset=\"https:\/\/blog.visual-paradigm.com\/pl\/wp-content\/uploads\/sites\/15\/2026\/01\/Insert-a-Scene-to-Your-Video-300x198.jpg 300w, https:\/\/blog.visual-paradigm.com\/pl\/wp-content\/uploads\/sites\/15\/2026\/01\/Insert-a-Scene-to-Your-Video-150x99.jpg 150w, https:\/\/blog.visual-paradigm.com\/pl\/wp-content\/uploads\/sites\/15\/2026\/01\/Insert-a-Scene-to-Your-Video-400x265.jpg 400w, https:\/\/blog.visual-paradigm.com\/pl\/wp-content\/uploads\/sites\/15\/2026\/01\/Insert-a-Scene-to-Your-Video.jpg 626w\" sizes=\"auto, (max-width: 300px) 100vw, 300px\" \/><\/a>\n<div class=\"pt-cv-colwrap\"><h4 class=\"pt-cv-title\"><a href=\"https:\/\/blog.visual-paradigm.com\/pl\/insert-a-scene-to-your-video\/\" class=\"_self\" target=\"_self\" >Wstaw scen\u0119 do swojego filmu<\/a><\/h4><div class=\"pt-cv-content\">Wideo przekszta\u0142ci\u0142o si\u0119 w fascynuj\u0105cy i wp\u0142ywowy medium przekazywania idei, historii i wiadomo\u015bci. Stanowi dynamiczny platform\u0119, na kt\u00f3rej u\u017cytkownicy mog\u0105 wyra\u017ca\u0107 si\u0119 w spos\u00f3b anga\u017cuj\u0105cy i wizualnie przyci\u0105gaj\u0105cy uwag\u0119. Aby stworzy\u0107 prawdziwie wspania\u0142y film, umiej\u0119tno\u015b\u0107 p\u0142ynnego przej\u015bcia mi\u0119dzy r\u00f3\u017cnymi scenami ...<br \/><div class=\"pt-cv-rmwrap\"><a href=\"https:\/\/blog.visual-paradigm.com\/pl\/insert-a-scene-to-your-video\/\" class=\"_self pt-cv-readmore btn btn-success\" target=\"_self\">Read More<\/a><\/div><\/div><\/div><\/div><\/div>\n<div class=\"col-md-12 col-sm-12 col-xs-12 pt-cv-content-item pt-cv-2-col\" ><div class='pt-cv-ifield'><a href=\"https:\/\/blog.visual-paradigm.com\/pl\/how-to-host-digital-slideshow-by-yourself\/\" class=\"_self pt-cv-href-thumbnail pt-cv-thumb-left\" target=\"_self\" ><img loading=\"lazy\" decoding=\"async\" width=\"300\" height=\"214\" src=\"https:\/\/blog.visual-paradigm.com\/pl\/wp-content\/uploads\/sites\/15\/2026\/01\/How-to-Host-Digital-Slideshow-by-Yourself-300x214.png\" class=\"pt-cv-thumbnail pull-left\" alt=\"\" srcset=\"https:\/\/blog.visual-paradigm.com\/pl\/wp-content\/uploads\/sites\/15\/2026\/01\/How-to-Host-Digital-Slideshow-by-Yourself-300x214.png 300w, https:\/\/blog.visual-paradigm.com\/pl\/wp-content\/uploads\/sites\/15\/2026\/01\/How-to-Host-Digital-Slideshow-by-Yourself-150x107.png 150w, https:\/\/blog.visual-paradigm.com\/pl\/wp-content\/uploads\/sites\/15\/2026\/01\/How-to-Host-Digital-Slideshow-by-Yourself-400x285.png 400w, https:\/\/blog.visual-paradigm.com\/pl\/wp-content\/uploads\/sites\/15\/2026\/01\/How-to-Host-Digital-Slideshow-by-Yourself.png 561w\" sizes=\"auto, (max-width: 300px) 100vw, 300px\" \/><\/a>\n<div class=\"pt-cv-colwrap\"><h4 class=\"pt-cv-title\"><a href=\"https:\/\/blog.visual-paradigm.com\/pl\/how-to-host-digital-slideshow-by-yourself\/\" class=\"_self\" target=\"_self\" >Jak samodzielnie hostowa\u0107 prezentacj\u0119 cyfrow\u0105<\/a><\/h4><div class=\"pt-cv-content\">Umo\u017cliwiaj\u0105c sobie samodzielne hostowanie prezentacji cyfrowych, zwi\u0119kszasz kontrol\u0119 nad dost\u0119pno\u015bci\u0105 tre\u015bci i ich bezpiecze\u0144stwem.Visual ParadigmNajmocniejszy serwer publikacji oferuje rozwi\u0105zanie, kt\u00f3re pozwala u\u017cytkownikom samodzielnie hostowa\u0107 swoje prezentacje cyfrowe, daj\u0105c pe\u0142n\u0105 autonomi\u0119 w zakresie przechowywania i ochrony danych. Om\u00f3wimy to w tym ...<br \/><div class=\"pt-cv-rmwrap\"><a href=\"https:\/\/blog.visual-paradigm.com\/pl\/how-to-host-digital-slideshow-by-yourself\/\" class=\"_self pt-cv-readmore btn btn-success\" target=\"_self\">Read More<\/a><\/div><\/div><\/div><\/div><\/div>\n<div class=\"col-md-12 col-sm-12 col-xs-12 pt-cv-content-item pt-cv-2-col\" ><div class='pt-cv-ifield'><a href=\"https:\/\/blog.visual-paradigm.com\/pl\/how-to-apply-cutout-style-effect-to-image-for-free\/\" class=\"_self pt-cv-href-thumbnail pt-cv-thumb-left\" target=\"_self\" ><img loading=\"lazy\" decoding=\"async\" width=\"300\" height=\"233\" src=\"https:\/\/blog.visual-paradigm.com\/pl\/wp-content\/uploads\/sites\/15\/2026\/01\/img_65dd5829e4e79-300x233.png\" class=\"pt-cv-thumbnail pull-left\" alt=\"\" srcset=\"https:\/\/blog.visual-paradigm.com\/pl\/wp-content\/uploads\/sites\/15\/2026\/01\/img_65dd5829e4e79-300x233.png 300w, https:\/\/blog.visual-paradigm.com\/pl\/wp-content\/uploads\/sites\/15\/2026\/01\/img_65dd5829e4e79-150x117.png 150w, https:\/\/blog.visual-paradigm.com\/pl\/wp-content\/uploads\/sites\/15\/2026\/01\/img_65dd5829e4e79-400x311.png 400w, https:\/\/blog.visual-paradigm.com\/pl\/wp-content\/uploads\/sites\/15\/2026\/01\/img_65dd5829e4e79.png 625w\" sizes=\"auto, (max-width: 300px) 100vw, 300px\" \/><\/a>\n<div class=\"pt-cv-colwrap\"><h4 class=\"pt-cv-title\"><a href=\"https:\/\/blog.visual-paradigm.com\/pl\/how-to-apply-cutout-style-effect-to-image-for-free\/\" class=\"_self\" target=\"_self\" >Jak zastosowa\u0107 efekt stylu wycinanki do obrazu za darmo<\/a><\/h4><div class=\"pt-cv-content\">Szukasz unikalnego dodatku do swoich obraz\u00f3w? Zastosowanie efektu stylu wycinanki mo\u017ce nada\u0107 Twoim zdj\u0119ciom wyra\u017any i artystyczny wygl\u0105d. W tym krok po kroku przewodnik poka\u017ce Ci, jak zastosowa\u0107 efekt stylu wycinanki do swoich obraz\u00f3w za darmo za pomoc\u0105 Visual Paradigm ...<br \/><div class=\"pt-cv-rmwrap\"><a href=\"https:\/\/blog.visual-paradigm.com\/pl\/how-to-apply-cutout-style-effect-to-image-for-free\/\" class=\"_self pt-cv-readmore btn btn-success\" target=\"_self\">Read More<\/a><\/div><\/div><\/div><\/div><\/div><\/div><\/div>\n<div class=\" pt-cv-pagination-wrapper\"><ul class=\"pt-cv-pagination pt-cv-ajax pagination\" data-totalpages=\"180\" data-currentpage=\"1\" data-sid=\"d319a2bm5h\" data-unid=\"\" data-isblock=\"\" data-postid=\"\"><li class=\"active\"><a href=\"#\">1<\/a><\/li>\n\t<li ><a class=\"\" href=\"https:\/\/blog.visual-paradigm.com\/pl\/wp-json\/wp\/v2\/pages\/212\/?_page=2\">2<\/a><\/li>\n\t<li ><a class=\"\" href=\"https:\/\/blog.visual-paradigm.com\/pl\/wp-json\/wp\/v2\/pages\/212\/?_page=3\">3<\/a><\/li>\n\t<li ><a href=\"#\">&hellip;<\/a><\/li>\n\t<li ><a class=\"\" href=\"https:\/\/blog.visual-paradigm.com\/pl\/wp-json\/wp\/v2\/pages\/212\/?_page=180\">180<\/a><\/li>\n\t<li ><a class=\" \" href=\"https:\/\/blog.visual-paradigm.com\/pl\/wp-json\/wp\/v2\/pages\/212\/?_page=2\">&rsaquo;<\/a><\/li>\n\t<\/ul><img loading=\"lazy\" decoding=\"async\" width=\"15\" height=\"15\" class=\"pt-cv-spinner\" alt=\"Loading...\" src=\"data:image\/gif;base64,R0lGODlhDwAPALMPAMrKygwMDJOTkz09PZWVla+vr3p6euTk5M7OzuXl5TMzMwAAAJmZmWZmZszMzP\/\/\/yH\/C05FVFNDQVBFMi4wAwEAAAAh+QQFCgAPACwAAAAADwAPAAAEQvDJaZaZOIcV8iQK8VRX4iTYoAwZ4iCYoAjZ4RxejhVNoT+mRGP4cyF4Pp0N98sBGIBMEMOotl6YZ3S61Bmbkm4mAgAh+QQFCgAPACwAAAAADQANAAAENPDJSRSZeA418itN8QiK8BiLITVsFiyBBIoYqnoewAD4xPw9iY4XLGYSjkQR4UAUD45DLwIAIfkEBQoADwAsAAAAAA8ACQAABC\/wyVlamTi3nSdgwFNdhEJgTJoNyoB9ISYoQmdjiZPcj7EYCAeCF1gEDo4Dz2eIAAAh+QQFCgAPACwCAAAADQANAAAEM\/DJBxiYeLKdX3IJZT1FU0iIg2RNKx3OkZVnZ98ToRD4MyiDnkAh6BkNC0MvsAj0kMpHBAAh+QQFCgAPACwGAAAACQAPAAAEMDC59KpFDll73HkAA2wVY5KgiK5b0RRoI6MuzG6EQqCDMlSGheEhUAgqgUUAFRySIgAh+QQFCgAPACwCAAIADQANAAAEM\/DJKZNLND\/kkKaHc3xk+QAMYDKsiaqmZCxGVjSFFCxB1vwy2oOgIDxuucxAMTAJFAJNBAAh+QQFCgAPACwAAAYADwAJAAAEMNAs86q1yaWwwv2Ig0jUZx3OYa4XoRAfwADXoAwfo1+CIjyFRuEho60aSNYlOPxEAAAh+QQFCgAPACwAAAIADQANAAAENPA9s4y8+IUVcqaWJ4qEQozSoAzoIyhCK2NFU2SJk0hNnyEOhKR2AzAAj4Pj4GE4W0bkJQIAOw==\" \/><div class=\"clear pt-cv-clear-pagination\"><\/div><\/div><\/div>\n","protected":false},"excerpt":{"rendered":"","protected":false},"author":1,"featured_media":0,"parent":0,"menu_order":0,"comment_status":"closed","ping_status":"closed","template":"","meta":{"_lmt_disableupdate":"","_lmt_disable":"","footnotes":""},"class_list":["post-212","page","type-page","status-publish","hentry","page-entry","loop-entry","clr"],"yoast_head":"<!-- This site is optimized with the Yoast SEO plugin v24.3 - https:\/\/yoast.com\/wordpress\/plugins\/seo\/ -->\n<title>Home - Visual Paradigm Blog<\/title>\n<meta name=\"robots\" content=\"index, follow, max-snippet:-1, max-image-preview:large, max-video-preview:-1\" \/>\n<link rel=\"canonical\" href=\"https:\/\/blog.visual-paradigm.com\/pl\/\" \/>\n<meta property=\"og:locale\" content=\"pl_PL\" \/>\n<meta property=\"og:type\" content=\"article\" \/>\n<meta property=\"og:title\" content=\"Home - Visual Paradigm Blog\" \/>\n<meta property=\"og:url\" content=\"https:\/\/blog.visual-paradigm.com\/pl\/\" \/>\n<meta property=\"og:site_name\" content=\"Visual Paradigm Blog\" \/>\n<meta property=\"article:modified_time\" content=\"2022-10-19T02:34:17+00:00\" \/>\n<meta name=\"twitter:card\" content=\"summary_large_image\" \/>\n<meta name=\"twitter:label1\" content=\"Szacowany czas czytania\" \/>\n\t<meta name=\"twitter:data1\" content=\"1 minuta\" \/>\n<script type=\"application\/ld+json\" class=\"yoast-schema-graph\">{\"@context\":\"https:\/\/schema.org\",\"@graph\":[{\"@type\":\"WebPage\",\"@id\":\"https:\/\/blog.visual-paradigm.com\/pl\/\",\"url\":\"https:\/\/blog.visual-paradigm.com\/pl\/\",\"name\":\"Home - Visual Paradigm Blog\",\"isPartOf\":{\"@id\":\"https:\/\/blog.visual-paradigm.com\/pl\/#website\"},\"datePublished\":\"2020-10-27T08:13:06+00:00\",\"dateModified\":\"2022-10-19T02:34:17+00:00\",\"breadcrumb\":{\"@id\":\"https:\/\/blog.visual-paradigm.com\/pl\/#breadcrumb\"},\"inLanguage\":\"pl-PL\",\"potentialAction\":[{\"@type\":\"ReadAction\",\"target\":[\"https:\/\/blog.visual-paradigm.com\/pl\/\"]}]},{\"@type\":\"BreadcrumbList\",\"@id\":\"https:\/\/blog.visual-paradigm.com\/pl\/#breadcrumb\",\"itemListElement\":[{\"@type\":\"ListItem\",\"position\":1,\"name\":\"Home\",\"item\":\"https:\/\/blog.visual-paradigm.com\/pl\/\"},{\"@type\":\"ListItem\",\"position\":2,\"name\":\"Home\"}]},{\"@type\":\"WebSite\",\"@id\":\"https:\/\/blog.visual-paradigm.com\/pl\/#website\",\"url\":\"https:\/\/blog.visual-paradigm.com\/pl\/\",\"name\":\"Visual Paradigm Blog\",\"description\":\"\",\"potentialAction\":[{\"@type\":\"SearchAction\",\"target\":{\"@type\":\"EntryPoint\",\"urlTemplate\":\"https:\/\/blog.visual-paradigm.com\/pl\/?s={search_term_string}\"},\"query-input\":{\"@type\":\"PropertyValueSpecification\",\"valueRequired\":true,\"valueName\":\"search_term_string\"}}],\"inLanguage\":\"pl-PL\"}]}<\/script>\n<!-- \/ Yoast SEO plugin. -->","yoast_head_json":{"title":"Home - Visual Paradigm Blog","robots":{"index":"index","follow":"follow","max-snippet":"max-snippet:-1","max-image-preview":"max-image-preview:large","max-video-preview":"max-video-preview:-1"},"canonical":"https:\/\/blog.visual-paradigm.com\/pl\/","og_locale":"pl_PL","og_type":"article","og_title":"Home - Visual Paradigm Blog","og_url":"https:\/\/blog.visual-paradigm.com\/pl\/","og_site_name":"Visual Paradigm Blog","article_modified_time":"2022-10-19T02:34:17+00:00","twitter_card":"summary_large_image","twitter_misc":{"Szacowany czas czytania":"1 minuta"},"schema":{"@context":"https:\/\/schema.org","@graph":[{"@type":"WebPage","@id":"https:\/\/blog.visual-paradigm.com\/pl\/","url":"https:\/\/blog.visual-paradigm.com\/pl\/","name":"Home - Visual Paradigm Blog","isPartOf":{"@id":"https:\/\/blog.visual-paradigm.com\/pl\/#website"},"datePublished":"2020-10-27T08:13:06+00:00","dateModified":"2022-10-19T02:34:17+00:00","breadcrumb":{"@id":"https:\/\/blog.visual-paradigm.com\/pl\/#breadcrumb"},"inLanguage":"pl-PL","potentialAction":[{"@type":"ReadAction","target":["https:\/\/blog.visual-paradigm.com\/pl\/"]}]},{"@type":"BreadcrumbList","@id":"https:\/\/blog.visual-paradigm.com\/pl\/#breadcrumb","itemListElement":[{"@type":"ListItem","position":1,"name":"Home","item":"https:\/\/blog.visual-paradigm.com\/pl\/"},{"@type":"ListItem","position":2,"name":"Home"}]},{"@type":"WebSite","@id":"https:\/\/blog.visual-paradigm.com\/pl\/#website","url":"https:\/\/blog.visual-paradigm.com\/pl\/","name":"Visual Paradigm Blog","description":"","potentialAction":[{"@type":"SearchAction","target":{"@type":"EntryPoint","urlTemplate":"https:\/\/blog.visual-paradigm.com\/pl\/?s={search_term_string}"},"query-input":{"@type":"PropertyValueSpecification","valueRequired":true,"valueName":"search_term_string"}}],"inLanguage":"pl-PL"}]}},"_links":{"self":[{"href":"https:\/\/blog.visual-paradigm.com\/pl\/wp-json\/wp\/v2\/pages\/212","targetHints":{"allow":["GET"]}}],"collection":[{"href":"https:\/\/blog.visual-paradigm.com\/pl\/wp-json\/wp\/v2\/pages"}],"about":[{"href":"https:\/\/blog.visual-paradigm.com\/pl\/wp-json\/wp\/v2\/types\/page"}],"author":[{"embeddable":true,"href":"https:\/\/blog.visual-paradigm.com\/pl\/wp-json\/wp\/v2\/users\/1"}],"replies":[{"embeddable":true,"href":"https:\/\/blog.visual-paradigm.com\/pl\/wp-json\/wp\/v2\/comments?post=212"}],"version-history":[{"count":84,"href":"https:\/\/blog.visual-paradigm.com\/pl\/wp-json\/wp\/v2\/pages\/212\/revisions"}],"predecessor-version":[{"id":8726,"href":"https:\/\/blog.visual-paradigm.com\/pl\/wp-json\/wp\/v2\/pages\/212\/revisions\/8726"}],"wp:attachment":[{"href":"https:\/\/blog.visual-paradigm.com\/pl\/wp-json\/wp\/v2\/media?parent=212"}],"curies":[{"name":"wp","href":"https:\/\/api.w.org\/{rel}","templated":true}]}}