{"id":212,"date":"2020-10-27T16:13:06","date_gmt":"2020-10-27T08:13:06","guid":{"rendered":"https:\/\/blog.visual-paradigm.com\/pt\/?page_id=212"},"modified":"2022-10-19T10:20:40","modified_gmt":"2022-10-19T02:20:40","slug":"elementor-212","status":"publish","type":"page","link":"https:\/\/blog.visual-paradigm.com\/pt\/","title":{"rendered":"Home"},"content":{"rendered":"<div class=\"pt-cv-wrapper\"><div class=\"pt-cv-view pt-cv-grid pt-cv-colsys\" id=\"pt-cv-view-d319a2bm5h\"><div data-id=\"pt-cv-page-1\" class=\"pt-cv-page\" data-cvc=\"1\"><div class=\"col-md-12 col-sm-12 col-xs-12 pt-cv-content-item pt-cv-2-col\" ><div class='pt-cv-ifield'><a href=\"https:\/\/blog.visual-paradigm.com\/pt\/how-to-view-powerpoint-online-in-a-web-browser\/\" class=\"_self pt-cv-href-thumbnail pt-cv-thumb-left\" target=\"_self\" ><img loading=\"lazy\" decoding=\"async\" width=\"300\" height=\"209\" src=\"https:\/\/blog.visual-paradigm.com\/pt\/wp-content\/uploads\/sites\/11\/2026\/01\/Tools-editing-PPT-300x209.jpg\" class=\"pt-cv-thumbnail pull-left\" alt=\"\" srcset=\"https:\/\/blog.visual-paradigm.com\/pt\/wp-content\/uploads\/sites\/11\/2026\/01\/Tools-editing-PPT-300x209.jpg 300w, https:\/\/blog.visual-paradigm.com\/pt\/wp-content\/uploads\/sites\/11\/2026\/01\/Tools-editing-PPT-150x105.jpg 150w, https:\/\/blog.visual-paradigm.com\/pt\/wp-content\/uploads\/sites\/11\/2026\/01\/Tools-editing-PPT-400x279.jpg 400w, https:\/\/blog.visual-paradigm.com\/pt\/wp-content\/uploads\/sites\/11\/2026\/01\/Tools-editing-PPT.jpg 574w\" sizes=\"auto, (max-width: 300px) 100vw, 300px\" \/><\/a>\n<div class=\"pt-cv-colwrap\"><h4 class=\"pt-cv-title\"><a href=\"https:\/\/blog.visual-paradigm.com\/pt\/how-to-view-powerpoint-online-in-a-web-browser\/\" class=\"_self\" target=\"_self\" >Como Visualizar PowerPoint Online em um Navegador Web<\/a><\/h4><div class=\"pt-cv-content\">Se voc\u00ea est\u00e1 procurando uma maneira conveniente e eficiente de visualizar e editar suas apresenta\u00e7\u00f5es em PowerPoint, aqui est\u00e1 algo que atende \u00e0s suas necessidades! Neste artigo, forneceremos uma vis\u00e3o geral abrangente de como Visualizador de PowerPoint Online VP funciona, ...<br \/><div class=\"pt-cv-rmwrap\"><a href=\"https:\/\/blog.visual-paradigm.com\/pt\/how-to-view-powerpoint-online-in-a-web-browser\/\" class=\"_self pt-cv-readmore btn btn-success\" target=\"_self\">Read More<\/a><\/div><\/div><\/div><\/div><\/div>\n<div class=\"col-md-12 col-sm-12 col-xs-12 pt-cv-content-item pt-cv-2-col\" ><div class='pt-cv-ifield'><a href=\"https:\/\/blog.visual-paradigm.com\/pt\/step-by-step-class-diagram-tutorial-using-visual-paradigm\/\" class=\"_self pt-cv-href-thumbnail pt-cv-thumb-left\" target=\"_self\" ><img loading=\"lazy\" decoding=\"async\" width=\"300\" height=\"171\" src=\"https:\/\/blog.visual-paradigm.com\/pt\/wp-content\/uploads\/sites\/11\/2026\/01\/01-online-class-diagram-example-300x171.png\" class=\"pt-cv-thumbnail pull-left\" alt=\"\" srcset=\"https:\/\/blog.visual-paradigm.com\/pt\/wp-content\/uploads\/sites\/11\/2026\/01\/01-online-class-diagram-example-300x171.png 300w, https:\/\/blog.visual-paradigm.com\/pt\/wp-content\/uploads\/sites\/11\/2026\/01\/01-online-class-diagram-example-1030x585.png 1030w, https:\/\/blog.visual-paradigm.com\/pt\/wp-content\/uploads\/sites\/11\/2026\/01\/01-online-class-diagram-example-768x437.png 768w, https:\/\/blog.visual-paradigm.com\/pt\/wp-content\/uploads\/sites\/11\/2026\/01\/01-online-class-diagram-example-150x85.png 150w, https:\/\/blog.visual-paradigm.com\/pt\/wp-content\/uploads\/sites\/11\/2026\/01\/01-online-class-diagram-example-400x227.png 400w, https:\/\/blog.visual-paradigm.com\/pt\/wp-content\/uploads\/sites\/11\/2026\/01\/01-online-class-diagram-example.png 1170w\" sizes=\"auto, (max-width: 300px) 100vw, 300px\" \/><\/a>\n<div class=\"pt-cv-colwrap\"><h4 class=\"pt-cv-title\"><a href=\"https:\/\/blog.visual-paradigm.com\/pt\/step-by-step-class-diagram-tutorial-using-visual-paradigm\/\" class=\"_self\" target=\"_self\" >Tutorial de Diagrama de Classe Passo a Passo Usando o Visual Paradigm<\/a><\/h4><div class=\"pt-cv-content\">O que \u00e9 um Diagrama de Classe? Um diagrama de classe \u00e9 um diagrama de estrutura est\u00e1tica em UML (Linguagem de Modelagem Unificada) que mostra as classes do sistema, seus atributos, m\u00e9todos (opera\u00e7\u00f5es) e os relacionamentos entre objetos. \u00c9 usado ...<br \/><div class=\"pt-cv-rmwrap\"><a href=\"https:\/\/blog.visual-paradigm.com\/pt\/step-by-step-class-diagram-tutorial-using-visual-paradigm\/\" class=\"_self pt-cv-readmore btn btn-success\" target=\"_self\">Read More<\/a><\/div><\/div><\/div><\/div><\/div>\n<div class=\"col-md-12 col-sm-12 col-xs-12 pt-cv-content-item pt-cv-2-col\" ><div class='pt-cv-ifield'><a href=\"https:\/\/blog.visual-paradigm.com\/pt\/beginners-guide-to-package-diagrams-with-visual-paradigm-online\/\" class=\"_self pt-cv-href-thumbnail pt-cv-thumb-left\" target=\"_self\" ><img loading=\"lazy\" decoding=\"async\" width=\"300\" height=\"238\" src=\"https:\/\/blog.visual-paradigm.com\/pt\/wp-content\/uploads\/sites\/11\/2026\/01\/img_650bcedb54427-300x238.png\" class=\"pt-cv-thumbnail pull-left\" alt=\"\" srcset=\"https:\/\/blog.visual-paradigm.com\/pt\/wp-content\/uploads\/sites\/11\/2026\/01\/img_650bcedb54427-300x238.png 300w, https:\/\/blog.visual-paradigm.com\/pt\/wp-content\/uploads\/sites\/11\/2026\/01\/img_650bcedb54427-768x610.png 768w, https:\/\/blog.visual-paradigm.com\/pt\/wp-content\/uploads\/sites\/11\/2026\/01\/img_650bcedb54427-150x119.png 150w, https:\/\/blog.visual-paradigm.com\/pt\/wp-content\/uploads\/sites\/11\/2026\/01\/img_650bcedb54427-400x318.png 400w, https:\/\/blog.visual-paradigm.com\/pt\/wp-content\/uploads\/sites\/11\/2026\/01\/img_650bcedb54427.png 964w\" sizes=\"auto, (max-width: 300px) 100vw, 300px\" \/><\/a>\n<div class=\"pt-cv-colwrap\"><h4 class=\"pt-cv-title\"><a href=\"https:\/\/blog.visual-paradigm.com\/pt\/beginners-guide-to-package-diagrams-with-visual-paradigm-online\/\" class=\"_self\" target=\"_self\" >Guia para Iniciantes sobre Diagramas de Pacotes com o Visual Paradigm Online<\/a><\/h4><div class=\"pt-cv-content\">Introdu\u00e7\u00e3o Os diagramas de pacotes s\u00e3o uma ferramenta essencial na engenharia de software, ajudando voc\u00ea a organizar e visualizar a estrutura do seu sistema de software. Eles fazem parte da Linguagem de Modelagem Unificada (UML) e fornecem uma vis\u00e3o de ...<br \/><div class=\"pt-cv-rmwrap\"><a href=\"https:\/\/blog.visual-paradigm.com\/pt\/beginners-guide-to-package-diagrams-with-visual-paradigm-online\/\" class=\"_self pt-cv-readmore btn btn-success\" target=\"_self\">Read More<\/a><\/div><\/div><\/div><\/div><\/div>\n<div class=\"col-md-12 col-sm-12 col-xs-12 pt-cv-content-item pt-cv-2-col\" ><div class='pt-cv-ifield'><a href=\"https:\/\/blog.visual-paradigm.com\/pt\/unveiling-the-power-of-c4-model-simplifying-software-architecture-diagrams\/\" class=\"_self pt-cv-href-thumbnail pt-cv-thumb-left\" target=\"_self\" ><img loading=\"lazy\" decoding=\"async\" width=\"300\" height=\"171\" src=\"https:\/\/blog.visual-paradigm.com\/pt\/wp-content\/uploads\/sites\/11\/2026\/01\/img_65113d8d4326b-300x171.png\" class=\"pt-cv-thumbnail pull-left\" alt=\"\" srcset=\"https:\/\/blog.visual-paradigm.com\/pt\/wp-content\/uploads\/sites\/11\/2026\/01\/img_65113d8d4326b-300x171.png 300w, https:\/\/blog.visual-paradigm.com\/pt\/wp-content\/uploads\/sites\/11\/2026\/01\/img_65113d8d4326b-1030x585.png 1030w, https:\/\/blog.visual-paradigm.com\/pt\/wp-content\/uploads\/sites\/11\/2026\/01\/img_65113d8d4326b-768x437.png 768w, https:\/\/blog.visual-paradigm.com\/pt\/wp-content\/uploads\/sites\/11\/2026\/01\/img_65113d8d4326b-150x85.png 150w, https:\/\/blog.visual-paradigm.com\/pt\/wp-content\/uploads\/sites\/11\/2026\/01\/img_65113d8d4326b-400x227.png 400w, https:\/\/blog.visual-paradigm.com\/pt\/wp-content\/uploads\/sites\/11\/2026\/01\/img_65113d8d4326b.png 1170w\" sizes=\"auto, (max-width: 300px) 100vw, 300px\" \/><\/a>\n<div class=\"pt-cv-colwrap\"><h4 class=\"pt-cv-title\"><a href=\"https:\/\/blog.visual-paradigm.com\/pt\/unveiling-the-power-of-c4-model-simplifying-software-architecture-diagrams\/\" class=\"_self\" target=\"_self\" >Revelando o Poder do Modelo C4: Simplificando Diagramas de Arquitetura de Software<\/a><\/h4><div class=\"pt-cv-content\">Introdu\u00e7\u00e3o No mundo intricado do desenvolvimento de software, traduzir projetos arquitet\u00f4nicos complexos em diagramas significativos e compreens\u00edveis \u00e9 frequentemente um desafio formid\u00e1vel. A comunica\u00e7\u00e3o eficaz dentro das equipes de desenvolvimento e com os interessados depende da capacidade de transmitir claramente ...<br \/><div class=\"pt-cv-rmwrap\"><a href=\"https:\/\/blog.visual-paradigm.com\/pt\/unveiling-the-power-of-c4-model-simplifying-software-architecture-diagrams\/\" class=\"_self pt-cv-readmore btn btn-success\" target=\"_self\">Read More<\/a><\/div><\/div><\/div><\/div><\/div>\n<div class=\"col-md-12 col-sm-12 col-xs-12 pt-cv-content-item pt-cv-2-col\" ><div class='pt-cv-ifield'><a href=\"https:\/\/blog.visual-paradigm.com\/pt\/insert-a-scene-to-your-video\/\" class=\"_self pt-cv-href-thumbnail pt-cv-thumb-left\" target=\"_self\" ><img loading=\"lazy\" decoding=\"async\" width=\"300\" height=\"198\" src=\"https:\/\/blog.visual-paradigm.com\/pt\/wp-content\/uploads\/sites\/11\/2026\/01\/Insert-a-Scene-to-Your-Video-300x198.jpg\" class=\"pt-cv-thumbnail pull-left\" alt=\"\" srcset=\"https:\/\/blog.visual-paradigm.com\/pt\/wp-content\/uploads\/sites\/11\/2026\/01\/Insert-a-Scene-to-Your-Video-300x198.jpg 300w, https:\/\/blog.visual-paradigm.com\/pt\/wp-content\/uploads\/sites\/11\/2026\/01\/Insert-a-Scene-to-Your-Video-150x99.jpg 150w, https:\/\/blog.visual-paradigm.com\/pt\/wp-content\/uploads\/sites\/11\/2026\/01\/Insert-a-Scene-to-Your-Video-400x265.jpg 400w, https:\/\/blog.visual-paradigm.com\/pt\/wp-content\/uploads\/sites\/11\/2026\/01\/Insert-a-Scene-to-Your-Video.jpg 626w\" sizes=\"auto, (max-width: 300px) 100vw, 300px\" \/><\/a>\n<div class=\"pt-cv-colwrap\"><h4 class=\"pt-cv-title\"><a href=\"https:\/\/blog.visual-paradigm.com\/pt\/insert-a-scene-to-your-video\/\" class=\"_self\" target=\"_self\" >Insira uma cena no seu v\u00eddeo<\/a><\/h4><div class=\"pt-cv-content\">O v\u00eddeo evoluiu para uma m\u00eddia cativante e influente para transmitir ideias, hist\u00f3rias e mensagens. Oferece uma plataforma din\u00e2mica para os usu\u00e1rios se expressarem de forma envolvente e visualmente impactante. Para criar um v\u00eddeo verdadeiramente not\u00e1vel, a habilidade de transitar ...<br \/><div class=\"pt-cv-rmwrap\"><a href=\"https:\/\/blog.visual-paradigm.com\/pt\/insert-a-scene-to-your-video\/\" class=\"_self pt-cv-readmore btn btn-success\" target=\"_self\">Read More<\/a><\/div><\/div><\/div><\/div><\/div>\n<div class=\"col-md-12 col-sm-12 col-xs-12 pt-cv-content-item pt-cv-2-col\" ><div class='pt-cv-ifield'><a href=\"https:\/\/blog.visual-paradigm.com\/pt\/how-to-host-digital-slideshow-by-yourself\/\" class=\"_self pt-cv-href-thumbnail pt-cv-thumb-left\" target=\"_self\" ><img loading=\"lazy\" decoding=\"async\" width=\"300\" height=\"214\" src=\"https:\/\/blog.visual-paradigm.com\/pt\/wp-content\/uploads\/sites\/11\/2026\/01\/How-to-Host-Digital-Slideshow-by-Yourself-300x214.png\" class=\"pt-cv-thumbnail pull-left\" alt=\"\" srcset=\"https:\/\/blog.visual-paradigm.com\/pt\/wp-content\/uploads\/sites\/11\/2026\/01\/How-to-Host-Digital-Slideshow-by-Yourself-300x214.png 300w, https:\/\/blog.visual-paradigm.com\/pt\/wp-content\/uploads\/sites\/11\/2026\/01\/How-to-Host-Digital-Slideshow-by-Yourself-150x107.png 150w, https:\/\/blog.visual-paradigm.com\/pt\/wp-content\/uploads\/sites\/11\/2026\/01\/How-to-Host-Digital-Slideshow-by-Yourself-400x285.png 400w, https:\/\/blog.visual-paradigm.com\/pt\/wp-content\/uploads\/sites\/11\/2026\/01\/How-to-Host-Digital-Slideshow-by-Yourself.png 561w\" sizes=\"auto, (max-width: 300px) 100vw, 300px\" \/><\/a>\n<div class=\"pt-cv-colwrap\"><h4 class=\"pt-cv-title\"><a href=\"https:\/\/blog.visual-paradigm.com\/pt\/how-to-host-digital-slideshow-by-yourself\/\" class=\"_self\" target=\"_self\" >Como hospedar um slideshow digital por si mesmo<\/a><\/h4><div class=\"pt-cv-content\">Empoderar-se com a capacidade de hospedar slideshows digitais de forma independente aumenta o controle sobre a acessibilidade e seguran\u00e7a do conte\u00fado.Visual ParadigmO servidor de publica\u00e7\u00e3o robusto oferece uma solu\u00e7\u00e3o que permite aos usu\u00e1rios hospedar seus slideshows digitais de forma independente, ...<br \/><div class=\"pt-cv-rmwrap\"><a href=\"https:\/\/blog.visual-paradigm.com\/pt\/how-to-host-digital-slideshow-by-yourself\/\" class=\"_self pt-cv-readmore btn btn-success\" target=\"_self\">Read More<\/a><\/div><\/div><\/div><\/div><\/div>\n<div class=\"col-md-12 col-sm-12 col-xs-12 pt-cv-content-item pt-cv-2-col\" ><div class='pt-cv-ifield'><a href=\"https:\/\/blog.visual-paradigm.com\/pt\/how-to-create-your-own-work-portfolio\/\" class=\"_self pt-cv-href-thumbnail pt-cv-thumb-left\" target=\"_self\" ><\/a>\n<div class=\"pt-cv-colwrap\"><h4 class=\"pt-cv-title\"><a href=\"https:\/\/blog.visual-paradigm.com\/pt\/how-to-create-your-own-work-portfolio\/\" class=\"_self\" target=\"_self\" >Como Criar Seu Pr\u00f3prio Portf\u00f3lio de Trabalho<\/a><\/h4><div class=\"pt-cv-content\">Criar seu pr\u00f3prio portf\u00f3lio de trabalho \u00e9 essencial em diversos cen\u00e1rios profissionais, como se candidatar a empregos, mostrar suas habilidades a clientes potenciais ou apresentar seus conquistas em uma reuni\u00e3o de neg\u00f3cios. Um portf\u00f3lio bem organizado destaca sua expertise, experi\u00eancia ...<br \/><div class=\"pt-cv-rmwrap\"><a href=\"https:\/\/blog.visual-paradigm.com\/pt\/how-to-create-your-own-work-portfolio\/\" class=\"_self pt-cv-readmore btn btn-success\" target=\"_self\">Read More<\/a><\/div><\/div><\/div><\/div><\/div><\/div><\/div>\n<div class=\" pt-cv-pagination-wrapper\"><ul class=\"pt-cv-pagination pt-cv-ajax pagination\" data-totalpages=\"182\" data-currentpage=\"1\" data-sid=\"d319a2bm5h\" data-unid=\"\" data-isblock=\"\" data-postid=\"\"><li class=\"active\"><a href=\"#\">1<\/a><\/li>\n\t<li ><a class=\"\" href=\"https:\/\/blog.visual-paradigm.com\/pt\/wp-json\/wp\/v2\/pages\/212\/?_page=2\">2<\/a><\/li>\n\t<li ><a class=\"\" href=\"https:\/\/blog.visual-paradigm.com\/pt\/wp-json\/wp\/v2\/pages\/212\/?_page=3\">3<\/a><\/li>\n\t<li ><a href=\"#\">&hellip;<\/a><\/li>\n\t<li ><a class=\"\" href=\"https:\/\/blog.visual-paradigm.com\/pt\/wp-json\/wp\/v2\/pages\/212\/?_page=182\">182<\/a><\/li>\n\t<li ><a class=\" \" href=\"https:\/\/blog.visual-paradigm.com\/pt\/wp-json\/wp\/v2\/pages\/212\/?_page=2\">&rsaquo;<\/a><\/li>\n\t<\/ul><img loading=\"lazy\" decoding=\"async\" width=\"15\" height=\"15\" class=\"pt-cv-spinner\" alt=\"Loading...\" src=\"data:image\/gif;base64,R0lGODlhDwAPALMPAMrKygwMDJOTkz09PZWVla+vr3p6euTk5M7OzuXl5TMzMwAAAJmZmWZmZszMzP\/\/\/yH\/C05FVFNDQVBFMi4wAwEAAAAh+QQFCgAPACwAAAAADwAPAAAEQvDJaZaZOIcV8iQK8VRX4iTYoAwZ4iCYoAjZ4RxejhVNoT+mRGP4cyF4Pp0N98sBGIBMEMOotl6YZ3S61Bmbkm4mAgAh+QQFCgAPACwAAAAADQANAAAENPDJSRSZeA418itN8QiK8BiLITVsFiyBBIoYqnoewAD4xPw9iY4XLGYSjkQR4UAUD45DLwIAIfkEBQoADwAsAAAAAA8ACQAABC\/wyVlamTi3nSdgwFNdhEJgTJoNyoB9ISYoQmdjiZPcj7EYCAeCF1gEDo4Dz2eIAAAh+QQFCgAPACwCAAAADQANAAAEM\/DJBxiYeLKdX3IJZT1FU0iIg2RNKx3OkZVnZ98ToRD4MyiDnkAh6BkNC0MvsAj0kMpHBAAh+QQFCgAPACwGAAAACQAPAAAEMDC59KpFDll73HkAA2wVY5KgiK5b0RRoI6MuzG6EQqCDMlSGheEhUAgqgUUAFRySIgAh+QQFCgAPACwCAAIADQANAAAEM\/DJKZNLND\/kkKaHc3xk+QAMYDKsiaqmZCxGVjSFFCxB1vwy2oOgIDxuucxAMTAJFAJNBAAh+QQFCgAPACwAAAYADwAJAAAEMNAs86q1yaWwwv2Ig0jUZx3OYa4XoRAfwADXoAwfo1+CIjyFRuEho60aSNYlOPxEAAAh+QQFCgAPACwAAAIADQANAAAENPA9s4y8+IUVcqaWJ4qEQozSoAzoIyhCK2NFU2SJk0hNnyEOhKR2AzAAj4Pj4GE4W0bkJQIAOw==\" \/><div class=\"clear pt-cv-clear-pagination\"><\/div><\/div><\/div>\n","protected":false},"excerpt":{"rendered":"","protected":false},"author":1,"featured_media":0,"parent":0,"menu_order":0,"comment_status":"closed","ping_status":"closed","template":"","meta":{"_lmt_disableupdate":"","_lmt_disable":"","footnotes":""},"class_list":["post-212","page","type-page","status-publish","hentry","page-entry","loop-entry","clr"],"yoast_head":"<!-- This site is optimized with the Yoast SEO plugin v24.3 - https:\/\/yoast.com\/wordpress\/plugins\/seo\/ -->\n<title>Home - Visual Paradigm Blog<\/title>\n<meta name=\"robots\" content=\"index, follow, max-snippet:-1, max-image-preview:large, max-video-preview:-1\" \/>\n<link rel=\"canonical\" href=\"https:\/\/blog.visual-paradigm.com\/pt\/\" \/>\n<meta property=\"og:locale\" content=\"pt_PT\" \/>\n<meta property=\"og:type\" content=\"article\" \/>\n<meta property=\"og:title\" content=\"Home - Visual Paradigm Blog\" \/>\n<meta property=\"og:url\" content=\"https:\/\/blog.visual-paradigm.com\/pt\/\" \/>\n<meta property=\"og:site_name\" content=\"Visual Paradigm Blog\" \/>\n<meta property=\"article:modified_time\" content=\"2022-10-19T02:20:40+00:00\" \/>\n<meta name=\"twitter:card\" content=\"summary_large_image\" \/>\n<meta name=\"twitter:label1\" content=\"Tempo estimado de leitura\" \/>\n\t<meta name=\"twitter:data1\" content=\"1 minuto\" \/>\n<script type=\"application\/ld+json\" class=\"yoast-schema-graph\">{\"@context\":\"https:\/\/schema.org\",\"@graph\":[{\"@type\":\"WebPage\",\"@id\":\"https:\/\/blog.visual-paradigm.com\/pt\/\",\"url\":\"https:\/\/blog.visual-paradigm.com\/pt\/\",\"name\":\"Home - Visual Paradigm Blog\",\"isPartOf\":{\"@id\":\"https:\/\/blog.visual-paradigm.com\/pt\/#website\"},\"datePublished\":\"2020-10-27T08:13:06+00:00\",\"dateModified\":\"2022-10-19T02:20:40+00:00\",\"breadcrumb\":{\"@id\":\"https:\/\/blog.visual-paradigm.com\/pt\/#breadcrumb\"},\"inLanguage\":\"pt-PT\",\"potentialAction\":[{\"@type\":\"ReadAction\",\"target\":[\"https:\/\/blog.visual-paradigm.com\/pt\/\"]}]},{\"@type\":\"BreadcrumbList\",\"@id\":\"https:\/\/blog.visual-paradigm.com\/pt\/#breadcrumb\",\"itemListElement\":[{\"@type\":\"ListItem\",\"position\":1,\"name\":\"Home\",\"item\":\"https:\/\/blog.visual-paradigm.com\/pt\/\"},{\"@type\":\"ListItem\",\"position\":2,\"name\":\"Home\"}]},{\"@type\":\"WebSite\",\"@id\":\"https:\/\/blog.visual-paradigm.com\/pt\/#website\",\"url\":\"https:\/\/blog.visual-paradigm.com\/pt\/\",\"name\":\"Visual Paradigm Blog\",\"description\":\"\",\"potentialAction\":[{\"@type\":\"SearchAction\",\"target\":{\"@type\":\"EntryPoint\",\"urlTemplate\":\"https:\/\/blog.visual-paradigm.com\/pt\/?s={search_term_string}\"},\"query-input\":{\"@type\":\"PropertyValueSpecification\",\"valueRequired\":true,\"valueName\":\"search_term_string\"}}],\"inLanguage\":\"pt-PT\"}]}<\/script>\n<!-- \/ Yoast SEO plugin. -->","yoast_head_json":{"title":"Home - Visual Paradigm Blog","robots":{"index":"index","follow":"follow","max-snippet":"max-snippet:-1","max-image-preview":"max-image-preview:large","max-video-preview":"max-video-preview:-1"},"canonical":"https:\/\/blog.visual-paradigm.com\/pt\/","og_locale":"pt_PT","og_type":"article","og_title":"Home - Visual Paradigm Blog","og_url":"https:\/\/blog.visual-paradigm.com\/pt\/","og_site_name":"Visual Paradigm Blog","article_modified_time":"2022-10-19T02:20:40+00:00","twitter_card":"summary_large_image","twitter_misc":{"Tempo estimado de leitura":"1 minuto"},"schema":{"@context":"https:\/\/schema.org","@graph":[{"@type":"WebPage","@id":"https:\/\/blog.visual-paradigm.com\/pt\/","url":"https:\/\/blog.visual-paradigm.com\/pt\/","name":"Home - Visual Paradigm Blog","isPartOf":{"@id":"https:\/\/blog.visual-paradigm.com\/pt\/#website"},"datePublished":"2020-10-27T08:13:06+00:00","dateModified":"2022-10-19T02:20:40+00:00","breadcrumb":{"@id":"https:\/\/blog.visual-paradigm.com\/pt\/#breadcrumb"},"inLanguage":"pt-PT","potentialAction":[{"@type":"ReadAction","target":["https:\/\/blog.visual-paradigm.com\/pt\/"]}]},{"@type":"BreadcrumbList","@id":"https:\/\/blog.visual-paradigm.com\/pt\/#breadcrumb","itemListElement":[{"@type":"ListItem","position":1,"name":"Home","item":"https:\/\/blog.visual-paradigm.com\/pt\/"},{"@type":"ListItem","position":2,"name":"Home"}]},{"@type":"WebSite","@id":"https:\/\/blog.visual-paradigm.com\/pt\/#website","url":"https:\/\/blog.visual-paradigm.com\/pt\/","name":"Visual Paradigm Blog","description":"","potentialAction":[{"@type":"SearchAction","target":{"@type":"EntryPoint","urlTemplate":"https:\/\/blog.visual-paradigm.com\/pt\/?s={search_term_string}"},"query-input":{"@type":"PropertyValueSpecification","valueRequired":true,"valueName":"search_term_string"}}],"inLanguage":"pt-PT"}]}},"_links":{"self":[{"href":"https:\/\/blog.visual-paradigm.com\/pt\/wp-json\/wp\/v2\/pages\/212","targetHints":{"allow":["GET"]}}],"collection":[{"href":"https:\/\/blog.visual-paradigm.com\/pt\/wp-json\/wp\/v2\/pages"}],"about":[{"href":"https:\/\/blog.visual-paradigm.com\/pt\/wp-json\/wp\/v2\/types\/page"}],"author":[{"embeddable":true,"href":"https:\/\/blog.visual-paradigm.com\/pt\/wp-json\/wp\/v2\/users\/1"}],"replies":[{"embeddable":true,"href":"https:\/\/blog.visual-paradigm.com\/pt\/wp-json\/wp\/v2\/comments?post=212"}],"version-history":[{"count":84,"href":"https:\/\/blog.visual-paradigm.com\/pt\/wp-json\/wp\/v2\/pages\/212\/revisions"}],"predecessor-version":[{"id":7691,"href":"https:\/\/blog.visual-paradigm.com\/pt\/wp-json\/wp\/v2\/pages\/212\/revisions\/7691"}],"wp:attachment":[{"href":"https:\/\/blog.visual-paradigm.com\/pt\/wp-json\/wp\/v2\/media?parent=212"}],"curies":[{"name":"wp","href":"https:\/\/api.w.org\/{rel}","templated":true}]}}