{"id":212,"date":"2020-10-27T16:13:06","date_gmt":"2020-10-27T08:13:06","guid":{"rendered":"https:\/\/blog.visual-paradigm.com\/vn\/?page_id=212"},"modified":"2022-10-19T10:27:53","modified_gmt":"2022-10-19T02:27:53","slug":"elementor-212","status":"publish","type":"page","link":"https:\/\/blog.visual-paradigm.com\/vn\/","title":{"rendered":"Home"},"content":{"rendered":"<div class=\"pt-cv-wrapper\"><div class=\"pt-cv-view pt-cv-grid pt-cv-colsys\" id=\"pt-cv-view-d319a2bm5h\"><div data-id=\"pt-cv-page-1\" class=\"pt-cv-page\" data-cvc=\"1\"><div class=\"col-md-12 col-sm-12 col-xs-12 pt-cv-content-item pt-cv-2-col\" ><div class='pt-cv-ifield'><a href=\"https:\/\/blog.visual-paradigm.com\/vn\/how-to-view-powerpoint-online-in-a-web-browser\/\" class=\"_self pt-cv-href-thumbnail pt-cv-thumb-left\" target=\"_self\" ><img loading=\"lazy\" decoding=\"async\" width=\"300\" height=\"209\" src=\"https:\/\/blog.visual-paradigm.com\/vn\/wp-content\/uploads\/sites\/13\/2026\/01\/Tools-editing-PPT-300x209.jpg\" class=\"pt-cv-thumbnail pull-left\" alt=\"\" srcset=\"https:\/\/blog.visual-paradigm.com\/vn\/wp-content\/uploads\/sites\/13\/2026\/01\/Tools-editing-PPT-300x209.jpg 300w, https:\/\/blog.visual-paradigm.com\/vn\/wp-content\/uploads\/sites\/13\/2026\/01\/Tools-editing-PPT-150x105.jpg 150w, https:\/\/blog.visual-paradigm.com\/vn\/wp-content\/uploads\/sites\/13\/2026\/01\/Tools-editing-PPT-400x279.jpg 400w, https:\/\/blog.visual-paradigm.com\/vn\/wp-content\/uploads\/sites\/13\/2026\/01\/Tools-editing-PPT.jpg 574w\" sizes=\"auto, (max-width: 300px) 100vw, 300px\" \/><\/a>\n<div class=\"pt-cv-colwrap\"><h4 class=\"pt-cv-title\"><a href=\"https:\/\/blog.visual-paradigm.com\/vn\/how-to-view-powerpoint-online-in-a-web-browser\/\" class=\"_self\" target=\"_self\" >C\u00e1ch xem PowerPoint tr\u1ef1c tuy\u1ebfn trong tr\u00ecnh duy\u1ec7t web<\/a><\/h4><div class=\"pt-cv-content\">N\u1ebfu b\u1ea1n \u0111ang t\u00ecm ki\u1ebfm m\u1ed9t c\u00e1ch ti\u1ec7n l\u1ee3i v\u00e0 hi\u1ec7u qu\u1ea3 \u0111\u1ec3 xem v\u00e0 ch\u1ec9nh s\u1eeda c\u00e1c b\u00e0i thuy\u1ebft tr\u00ecnh PowerPoint c\u1ee7a m\u00ecnh, \u0111\u00e2y l\u00e0 m\u1ed9t \u0111i\u1ec1u \u0111\u00e1p \u1ee9ng nhu c\u1ea7u c\u1ee7a b\u1ea1n! Trong b\u00e0i vi\u1ebft n\u00e0y, ch\u00fang t\u00f4i ...<br \/><div class=\"pt-cv-rmwrap\"><a href=\"https:\/\/blog.visual-paradigm.com\/vn\/how-to-view-powerpoint-online-in-a-web-browser\/\" class=\"_self pt-cv-readmore btn btn-success\" target=\"_self\">Read More<\/a><\/div><\/div><\/div><\/div><\/div>\n<div class=\"col-md-12 col-sm-12 col-xs-12 pt-cv-content-item pt-cv-2-col\" ><div class='pt-cv-ifield'><a href=\"https:\/\/blog.visual-paradigm.com\/vn\/step-by-step-class-diagram-tutorial-using-visual-paradigm\/\" class=\"_self pt-cv-href-thumbnail pt-cv-thumb-left\" target=\"_self\" ><img loading=\"lazy\" decoding=\"async\" width=\"300\" height=\"171\" src=\"https:\/\/blog.visual-paradigm.com\/vn\/wp-content\/uploads\/sites\/13\/2026\/01\/01-online-class-diagram-example-300x171.png\" class=\"pt-cv-thumbnail pull-left\" alt=\"\" srcset=\"https:\/\/blog.visual-paradigm.com\/vn\/wp-content\/uploads\/sites\/13\/2026\/01\/01-online-class-diagram-example-300x171.png 300w, https:\/\/blog.visual-paradigm.com\/vn\/wp-content\/uploads\/sites\/13\/2026\/01\/01-online-class-diagram-example-1030x585.png 1030w, https:\/\/blog.visual-paradigm.com\/vn\/wp-content\/uploads\/sites\/13\/2026\/01\/01-online-class-diagram-example-768x437.png 768w, https:\/\/blog.visual-paradigm.com\/vn\/wp-content\/uploads\/sites\/13\/2026\/01\/01-online-class-diagram-example-150x85.png 150w, https:\/\/blog.visual-paradigm.com\/vn\/wp-content\/uploads\/sites\/13\/2026\/01\/01-online-class-diagram-example-400x227.png 400w, https:\/\/blog.visual-paradigm.com\/vn\/wp-content\/uploads\/sites\/13\/2026\/01\/01-online-class-diagram-example.png 1170w\" sizes=\"auto, (max-width: 300px) 100vw, 300px\" \/><\/a>\n<div class=\"pt-cv-colwrap\"><h4 class=\"pt-cv-title\"><a href=\"https:\/\/blog.visual-paradigm.com\/vn\/step-by-step-class-diagram-tutorial-using-visual-paradigm\/\" class=\"_self\" target=\"_self\" >H\u01b0\u1edbng d\u1eabn t\u1eebng b\u01b0\u1edbc v\u1ec1 s\u01a1 \u0111\u1ed3 l\u1edbp s\u1eed d\u1ee5ng Visual Paradigm<\/a><\/h4><div class=\"pt-cv-content\">S\u01a1 \u0111\u1ed3 l\u1edbp l\u00e0 g\u00ec? M\u1ed9t s\u01a1 \u0111\u1ed3 l\u1edbp l\u00e0 m\u1ed9t s\u01a1 \u0111\u1ed3 c\u1ea5u tr\u00fac t\u0129nh trong UML (Ng\u00f4n ng\u1eef m\u00f4 h\u00ecnh h\u00f3a th\u1ed1ng nh\u1ea5t) cho th\u1ea5y c\u00e1c l\u1edbp c\u1ee7a h\u1ec7 th\u1ed1ng, thu\u1ed9c t\u00ednh c\u1ee7a ch\u00fang, ph\u01b0\u01a1ng th\u1ee9c (ho\u1ea1t \u0111\u1ed9ng) ...<br \/><div class=\"pt-cv-rmwrap\"><a href=\"https:\/\/blog.visual-paradigm.com\/vn\/step-by-step-class-diagram-tutorial-using-visual-paradigm\/\" class=\"_self pt-cv-readmore btn btn-success\" target=\"_self\">Read More<\/a><\/div><\/div><\/div><\/div><\/div>\n<div class=\"col-md-12 col-sm-12 col-xs-12 pt-cv-content-item pt-cv-2-col\" ><div class='pt-cv-ifield'><a href=\"https:\/\/blog.visual-paradigm.com\/vn\/beginners-guide-to-package-diagrams-with-visual-paradigm-online\/\" class=\"_self pt-cv-href-thumbnail pt-cv-thumb-left\" target=\"_self\" ><img loading=\"lazy\" decoding=\"async\" width=\"300\" height=\"238\" src=\"https:\/\/blog.visual-paradigm.com\/vn\/wp-content\/uploads\/sites\/13\/2026\/01\/img_650bcedb54427-300x238.png\" class=\"pt-cv-thumbnail pull-left\" alt=\"\" srcset=\"https:\/\/blog.visual-paradigm.com\/vn\/wp-content\/uploads\/sites\/13\/2026\/01\/img_650bcedb54427-300x238.png 300w, https:\/\/blog.visual-paradigm.com\/vn\/wp-content\/uploads\/sites\/13\/2026\/01\/img_650bcedb54427-768x610.png 768w, https:\/\/blog.visual-paradigm.com\/vn\/wp-content\/uploads\/sites\/13\/2026\/01\/img_650bcedb54427-150x119.png 150w, https:\/\/blog.visual-paradigm.com\/vn\/wp-content\/uploads\/sites\/13\/2026\/01\/img_650bcedb54427-400x318.png 400w, https:\/\/blog.visual-paradigm.com\/vn\/wp-content\/uploads\/sites\/13\/2026\/01\/img_650bcedb54427.png 964w\" sizes=\"auto, (max-width: 300px) 100vw, 300px\" \/><\/a>\n<div class=\"pt-cv-colwrap\"><h4 class=\"pt-cv-title\"><a href=\"https:\/\/blog.visual-paradigm.com\/vn\/beginners-guide-to-package-diagrams-with-visual-paradigm-online\/\" class=\"_self\" target=\"_self\" >H\u01b0\u1edbng d\u1eabn cho ng\u01b0\u1eddi m\u1edbi b\u1eaft \u0111\u1ea7u v\u1ec1 s\u01a1 \u0111\u1ed3 g\u00f3i v\u1edbi Visual Paradigm Online<\/a><\/h4><div class=\"pt-cv-content\">Gi\u1edbi thi\u1ec7u S\u01a1 \u0111\u1ed3 g\u00f3i l\u00e0 m\u1ed9t c\u00f4ng c\u1ee5 thi\u1ebft y\u1ebfu trong k\u1ef9 thu\u1eadt ph\u1ea7n m\u1ec1m, gi\u00fap b\u1ea1n t\u1ed5 ch\u1ee9c v\u00e0 tr\u1ef1c quan h\u00f3a c\u1ea5u tr\u00fac h\u1ec7 th\u1ed1ng ph\u1ea7n m\u1ec1m c\u1ee7a m\u00ecnh. Ch\u00fang l\u00e0 m\u1ed9t ph\u1ea7n c\u1ee7a Ng\u00f4n ng\u1eef m\u00f4 ...<br \/><div class=\"pt-cv-rmwrap\"><a href=\"https:\/\/blog.visual-paradigm.com\/vn\/beginners-guide-to-package-diagrams-with-visual-paradigm-online\/\" class=\"_self pt-cv-readmore btn btn-success\" target=\"_self\">Read More<\/a><\/div><\/div><\/div><\/div><\/div>\n<div class=\"col-md-12 col-sm-12 col-xs-12 pt-cv-content-item pt-cv-2-col\" ><div class='pt-cv-ifield'><a href=\"https:\/\/blog.visual-paradigm.com\/vn\/unveiling-the-power-of-c4-model-simplifying-software-architecture-diagrams\/\" class=\"_self pt-cv-href-thumbnail pt-cv-thumb-left\" target=\"_self\" ><img loading=\"lazy\" decoding=\"async\" width=\"300\" height=\"171\" src=\"https:\/\/blog.visual-paradigm.com\/vn\/wp-content\/uploads\/sites\/13\/2026\/01\/img_65113d8d4326b-300x171.png\" class=\"pt-cv-thumbnail pull-left\" alt=\"\" srcset=\"https:\/\/blog.visual-paradigm.com\/vn\/wp-content\/uploads\/sites\/13\/2026\/01\/img_65113d8d4326b-300x171.png 300w, https:\/\/blog.visual-paradigm.com\/vn\/wp-content\/uploads\/sites\/13\/2026\/01\/img_65113d8d4326b-1030x585.png 1030w, https:\/\/blog.visual-paradigm.com\/vn\/wp-content\/uploads\/sites\/13\/2026\/01\/img_65113d8d4326b-768x437.png 768w, https:\/\/blog.visual-paradigm.com\/vn\/wp-content\/uploads\/sites\/13\/2026\/01\/img_65113d8d4326b-150x85.png 150w, https:\/\/blog.visual-paradigm.com\/vn\/wp-content\/uploads\/sites\/13\/2026\/01\/img_65113d8d4326b-400x227.png 400w, https:\/\/blog.visual-paradigm.com\/vn\/wp-content\/uploads\/sites\/13\/2026\/01\/img_65113d8d4326b.png 1170w\" sizes=\"auto, (max-width: 300px) 100vw, 300px\" \/><\/a>\n<div class=\"pt-cv-colwrap\"><h4 class=\"pt-cv-title\"><a href=\"https:\/\/blog.visual-paradigm.com\/vn\/unveiling-the-power-of-c4-model-simplifying-software-architecture-diagrams\/\" class=\"_self\" target=\"_self\" >B\u1eadt m\u00ed s\u1ee9c m\u1ea1nh c\u1ee7a m\u00f4 h\u00ecnh C4: \u0110\u01a1n gi\u1ea3n h\u00f3a c\u00e1c s\u01a1 \u0111\u1ed3 ki\u1ebfn tr\u00fac ph\u1ea7n m\u1ec1m<\/a><\/h4><div class=\"pt-cv-content\">Gi\u1edbi thi\u1ec7u Trong th\u1ebf gi\u1edbi ph\u1ee9c t\u1ea1p c\u1ee7a ph\u00e1t tri\u1ec3n ph\u1ea7n m\u1ec1m, vi\u1ec7c chuy\u1ec3n \u0111\u1ed5i c\u00e1c thi\u1ebft k\u1ebf ki\u1ebfn tr\u00fac ph\u1ee9c t\u1ea1p th\u00e0nh c\u00e1c s\u01a1 \u0111\u1ed3 c\u00f3 \u00fd ngh\u0129a v\u00e0 d\u1ec5 hi\u1ec3u th\u01b0\u1eddng l\u00e0 m\u1ed9t th\u00e1ch th\u1ee9c l\u1edbn. Giao ti\u1ebfp ...<br \/><div class=\"pt-cv-rmwrap\"><a href=\"https:\/\/blog.visual-paradigm.com\/vn\/unveiling-the-power-of-c4-model-simplifying-software-architecture-diagrams\/\" class=\"_self pt-cv-readmore btn btn-success\" target=\"_self\">Read More<\/a><\/div><\/div><\/div><\/div><\/div>\n<div class=\"col-md-12 col-sm-12 col-xs-12 pt-cv-content-item pt-cv-2-col\" ><div class='pt-cv-ifield'><a href=\"https:\/\/blog.visual-paradigm.com\/vn\/unlocking-productivity-with-visual-paradigm-online-productivity-suite\/\" class=\"_self pt-cv-href-thumbnail pt-cv-thumb-left\" target=\"_self\" ><img loading=\"lazy\" decoding=\"async\" width=\"300\" height=\"300\" src=\"https:\/\/blog.visual-paradigm.com\/vn\/wp-content\/uploads\/sites\/13\/2026\/01\/img_651e4f6973d5b-300x300.png\" class=\"pt-cv-thumbnail pull-left\" alt=\"\" srcset=\"https:\/\/blog.visual-paradigm.com\/vn\/wp-content\/uploads\/sites\/13\/2026\/01\/img_651e4f6973d5b-300x300.png 300w, https:\/\/blog.visual-paradigm.com\/vn\/wp-content\/uploads\/sites\/13\/2026\/01\/img_651e4f6973d5b-80x80.png 80w, https:\/\/blog.visual-paradigm.com\/vn\/wp-content\/uploads\/sites\/13\/2026\/01\/img_651e4f6973d5b-150x150.png 150w, https:\/\/blog.visual-paradigm.com\/vn\/wp-content\/uploads\/sites\/13\/2026\/01\/img_651e4f6973d5b-400x400.png 400w, https:\/\/blog.visual-paradigm.com\/vn\/wp-content\/uploads\/sites\/13\/2026\/01\/img_651e4f6973d5b.png 500w\" sizes=\"auto, (max-width: 300px) 100vw, 300px\" \/><\/a>\n<div class=\"pt-cv-colwrap\"><h4 class=\"pt-cv-title\"><a href=\"https:\/\/blog.visual-paradigm.com\/vn\/unlocking-productivity-with-visual-paradigm-online-productivity-suite\/\" class=\"_self\" target=\"_self\" >M\u1edf kh\u00f3a n\u0103ng su\u1ea5t v\u1edbi B\u1ed9 c\u00f4ng c\u1ee5 n\u0103ng su\u1ea5t tr\u1ef1c tuy\u1ebfn Visual Paradigm<\/a><\/h4><div class=\"pt-cv-content\">Gi\u1edbi thi\u1ec7u Trong th\u1eddi \u0111\u1ea1i k\u1ef9 thu\u1eadt s\u1ed1 nhanh ch\u00f3ng, n\u0103ng su\u1ea5t l\u00e0 ch\u00eca kh\u00f3a d\u1eabn \u0111\u1ebfn th\u00e0nh c\u00f4ng.B\u1ed9 c\u00f4ng c\u1ee5 n\u0103ng su\u1ea5t tr\u1ef1c tuy\u1ebfn c\u1ee7a Visual Paradigm\u0111\u01b0\u1ee3c xem l\u00e0 m\u1ed9t cu\u1ed9c c\u00e1ch m\u1ea1ng, mang \u0111\u1ebfn m\u1ed9t b\u1ed9 c\u00f4ng c\u1ee5 ...<br \/><div class=\"pt-cv-rmwrap\"><a href=\"https:\/\/blog.visual-paradigm.com\/vn\/unlocking-productivity-with-visual-paradigm-online-productivity-suite\/\" class=\"_self pt-cv-readmore btn btn-success\" target=\"_self\">Read More<\/a><\/div><\/div><\/div><\/div><\/div>\n<div class=\"col-md-12 col-sm-12 col-xs-12 pt-cv-content-item pt-cv-2-col\" ><div class='pt-cv-ifield'><a href=\"https:\/\/blog.visual-paradigm.com\/vn\/insert-a-scene-to-your-video\/\" class=\"_self pt-cv-href-thumbnail pt-cv-thumb-left\" target=\"_self\" ><img loading=\"lazy\" decoding=\"async\" width=\"300\" height=\"198\" src=\"https:\/\/blog.visual-paradigm.com\/vn\/wp-content\/uploads\/sites\/13\/2026\/01\/Insert-a-Scene-to-Your-Video-300x198.jpg\" class=\"pt-cv-thumbnail pull-left\" alt=\"\" srcset=\"https:\/\/blog.visual-paradigm.com\/vn\/wp-content\/uploads\/sites\/13\/2026\/01\/Insert-a-Scene-to-Your-Video-300x198.jpg 300w, https:\/\/blog.visual-paradigm.com\/vn\/wp-content\/uploads\/sites\/13\/2026\/01\/Insert-a-Scene-to-Your-Video-150x99.jpg 150w, https:\/\/blog.visual-paradigm.com\/vn\/wp-content\/uploads\/sites\/13\/2026\/01\/Insert-a-Scene-to-Your-Video-400x265.jpg 400w, https:\/\/blog.visual-paradigm.com\/vn\/wp-content\/uploads\/sites\/13\/2026\/01\/Insert-a-Scene-to-Your-Video.jpg 626w\" sizes=\"auto, (max-width: 300px) 100vw, 300px\" \/><\/a>\n<div class=\"pt-cv-colwrap\"><h4 class=\"pt-cv-title\"><a href=\"https:\/\/blog.visual-paradigm.com\/vn\/insert-a-scene-to-your-video\/\" class=\"_self\" target=\"_self\" >Ch\u00e8n m\u1ed9t c\u1ea3nh v\u00e0o video c\u1ee7a b\u1ea1n<\/a><\/h4><div class=\"pt-cv-content\">Video \u0111\u00e3 ph\u00e1t tri\u1ec3n th\u00e0nh m\u1ed9t ph\u01b0\u01a1ng ti\u1ec7n h\u1ea5p d\u1eabn v\u00e0 c\u00f3 \u1ea3nh h\u01b0\u1edfng m\u1ea1nh m\u1ebd \u0111\u1ec3 truy\u1ec1n t\u1ea3i \u00fd t\u01b0\u1edfng, c\u00e2u chuy\u1ec7n v\u00e0 th\u00f4ng \u0111i\u1ec7p. N\u00f3 cung c\u1ea5p m\u1ed9t n\u1ec1n t\u1ea3ng n\u0103ng \u0111\u1ed9ng gi\u00fap ng\u01b0\u1eddi d\u00f9ng th\u1ec3 hi\u1ec7n b\u1ea3n ...<br \/><div class=\"pt-cv-rmwrap\"><a href=\"https:\/\/blog.visual-paradigm.com\/vn\/insert-a-scene-to-your-video\/\" class=\"_self pt-cv-readmore btn btn-success\" target=\"_self\">Read More<\/a><\/div><\/div><\/div><\/div><\/div>\n<div class=\"col-md-12 col-sm-12 col-xs-12 pt-cv-content-item pt-cv-2-col\" ><div class='pt-cv-ifield'><a href=\"https:\/\/blog.visual-paradigm.com\/vn\/how-to-host-digital-slideshow-by-yourself\/\" class=\"_self pt-cv-href-thumbnail pt-cv-thumb-left\" target=\"_self\" ><img loading=\"lazy\" decoding=\"async\" width=\"300\" height=\"214\" src=\"https:\/\/blog.visual-paradigm.com\/vn\/wp-content\/uploads\/sites\/13\/2026\/01\/How-to-Host-Digital-Slideshow-by-Yourself-300x214.png\" class=\"pt-cv-thumbnail pull-left\" alt=\"\" srcset=\"https:\/\/blog.visual-paradigm.com\/vn\/wp-content\/uploads\/sites\/13\/2026\/01\/How-to-Host-Digital-Slideshow-by-Yourself-300x214.png 300w, https:\/\/blog.visual-paradigm.com\/vn\/wp-content\/uploads\/sites\/13\/2026\/01\/How-to-Host-Digital-Slideshow-by-Yourself-150x107.png 150w, https:\/\/blog.visual-paradigm.com\/vn\/wp-content\/uploads\/sites\/13\/2026\/01\/How-to-Host-Digital-Slideshow-by-Yourself-400x285.png 400w, https:\/\/blog.visual-paradigm.com\/vn\/wp-content\/uploads\/sites\/13\/2026\/01\/How-to-Host-Digital-Slideshow-by-Yourself.png 561w\" sizes=\"auto, (max-width: 300px) 100vw, 300px\" \/><\/a>\n<div class=\"pt-cv-colwrap\"><h4 class=\"pt-cv-title\"><a href=\"https:\/\/blog.visual-paradigm.com\/vn\/how-to-host-digital-slideshow-by-yourself\/\" class=\"_self\" target=\"_self\" >L\u00e0m th\u1ebf n\u00e0o \u0111\u1ec3 t\u1ef1 m\u00ecnh ph\u00e1t tr\u1ef1c tuy\u1ebfn b\u1ea3n tr\u00ecnh chi\u1ebfu k\u1ef9 thu\u1eadt s\u1ed1<\/a><\/h4><div class=\"pt-cv-content\">T\u1ef1 trang b\u1ecb kh\u1ea3 n\u0103ng t\u1ef1 ph\u00e1t tr\u1ef1c tuy\u1ebfn b\u1ea3n tr\u00ecnh chi\u1ebfu k\u1ef9 thu\u1eadt s\u1ed1 gi\u00fap b\u1ea1n ki\u1ec3m so\u00e1t t\u1ed1t h\u01a1n v\u1ec1 kh\u1ea3 n\u0103ng truy c\u1eadp n\u1ed9i dung v\u00e0 b\u1ea3o m\u1eadt.Visual ParadigmM\u00e1y ch\u1ee7 xu\u1ea5t b\u1ea3n m\u1ea1nh m\u1ebd c\u1ee7a n\u00f3 cung ...<br \/><div class=\"pt-cv-rmwrap\"><a href=\"https:\/\/blog.visual-paradigm.com\/vn\/how-to-host-digital-slideshow-by-yourself\/\" class=\"_self pt-cv-readmore btn btn-success\" target=\"_self\">Read More<\/a><\/div><\/div><\/div><\/div><\/div><\/div><\/div>\n<div class=\" pt-cv-pagination-wrapper\"><ul class=\"pt-cv-pagination pt-cv-ajax pagination\" data-totalpages=\"180\" data-currentpage=\"1\" data-sid=\"d319a2bm5h\" data-unid=\"\" data-isblock=\"\" data-postid=\"\"><li class=\"active\"><a href=\"#\">1<\/a><\/li>\n\t<li ><a class=\"\" href=\"https:\/\/blog.visual-paradigm.com\/vn\/wp-json\/wp\/v2\/pages\/212\/?_page=2\">2<\/a><\/li>\n\t<li ><a class=\"\" href=\"https:\/\/blog.visual-paradigm.com\/vn\/wp-json\/wp\/v2\/pages\/212\/?_page=3\">3<\/a><\/li>\n\t<li ><a href=\"#\">&hellip;<\/a><\/li>\n\t<li ><a class=\"\" href=\"https:\/\/blog.visual-paradigm.com\/vn\/wp-json\/wp\/v2\/pages\/212\/?_page=180\">180<\/a><\/li>\n\t<li ><a class=\" \" href=\"https:\/\/blog.visual-paradigm.com\/vn\/wp-json\/wp\/v2\/pages\/212\/?_page=2\">&rsaquo;<\/a><\/li>\n\t<\/ul><img loading=\"lazy\" decoding=\"async\" width=\"15\" height=\"15\" class=\"pt-cv-spinner\" alt=\"Loading...\" src=\"data:image\/gif;base64,R0lGODlhDwAPALMPAMrKygwMDJOTkz09PZWVla+vr3p6euTk5M7OzuXl5TMzMwAAAJmZmWZmZszMzP\/\/\/yH\/C05FVFNDQVBFMi4wAwEAAAAh+QQFCgAPACwAAAAADwAPAAAEQvDJaZaZOIcV8iQK8VRX4iTYoAwZ4iCYoAjZ4RxejhVNoT+mRGP4cyF4Pp0N98sBGIBMEMOotl6YZ3S61Bmbkm4mAgAh+QQFCgAPACwAAAAADQANAAAENPDJSRSZeA418itN8QiK8BiLITVsFiyBBIoYqnoewAD4xPw9iY4XLGYSjkQR4UAUD45DLwIAIfkEBQoADwAsAAAAAA8ACQAABC\/wyVlamTi3nSdgwFNdhEJgTJoNyoB9ISYoQmdjiZPcj7EYCAeCF1gEDo4Dz2eIAAAh+QQFCgAPACwCAAAADQANAAAEM\/DJBxiYeLKdX3IJZT1FU0iIg2RNKx3OkZVnZ98ToRD4MyiDnkAh6BkNC0MvsAj0kMpHBAAh+QQFCgAPACwGAAAACQAPAAAEMDC59KpFDll73HkAA2wVY5KgiK5b0RRoI6MuzG6EQqCDMlSGheEhUAgqgUUAFRySIgAh+QQFCgAPACwCAAIADQANAAAEM\/DJKZNLND\/kkKaHc3xk+QAMYDKsiaqmZCxGVjSFFCxB1vwy2oOgIDxuucxAMTAJFAJNBAAh+QQFCgAPACwAAAYADwAJAAAEMNAs86q1yaWwwv2Ig0jUZx3OYa4XoRAfwADXoAwfo1+CIjyFRuEho60aSNYlOPxEAAAh+QQFCgAPACwAAAIADQANAAAENPA9s4y8+IUVcqaWJ4qEQozSoAzoIyhCK2NFU2SJk0hNnyEOhKR2AzAAj4Pj4GE4W0bkJQIAOw==\" \/><div class=\"clear pt-cv-clear-pagination\"><\/div><\/div><\/div>\n","protected":false},"excerpt":{"rendered":"","protected":false},"author":1,"featured_media":0,"parent":0,"menu_order":0,"comment_status":"closed","ping_status":"closed","template":"","meta":{"_lmt_disableupdate":"","_lmt_disable":"","footnotes":""},"class_list":["post-212","page","type-page","status-publish","hentry","page-entry","loop-entry","clr"],"yoast_head":"<!-- This site is optimized with the Yoast SEO plugin v24.3 - https:\/\/yoast.com\/wordpress\/plugins\/seo\/ -->\n<title>Home - Visual Paradigm Blog<\/title>\n<meta name=\"robots\" content=\"index, follow, max-snippet:-1, max-image-preview:large, max-video-preview:-1\" \/>\n<link rel=\"canonical\" href=\"https:\/\/blog.visual-paradigm.com\/vn\/\" \/>\n<meta property=\"og:locale\" content=\"vi_VN\" \/>\n<meta property=\"og:type\" content=\"article\" \/>\n<meta property=\"og:title\" content=\"Home - Visual Paradigm Blog\" \/>\n<meta property=\"og:url\" content=\"https:\/\/blog.visual-paradigm.com\/vn\/\" \/>\n<meta property=\"og:site_name\" content=\"Visual Paradigm Blog\" \/>\n<meta property=\"article:modified_time\" content=\"2022-10-19T02:27:53+00:00\" \/>\n<meta name=\"twitter:card\" content=\"summary_large_image\" \/>\n<meta name=\"twitter:label1\" content=\"\u01af\u1edbc t\u00ednh th\u1eddi gian \u0111\u1ecdc\" \/>\n\t<meta name=\"twitter:data1\" content=\"1 ph\u00fat\" \/>\n<script type=\"application\/ld+json\" class=\"yoast-schema-graph\">{\"@context\":\"https:\/\/schema.org\",\"@graph\":[{\"@type\":\"WebPage\",\"@id\":\"https:\/\/blog.visual-paradigm.com\/vn\/\",\"url\":\"https:\/\/blog.visual-paradigm.com\/vn\/\",\"name\":\"Home - Visual Paradigm Blog\",\"isPartOf\":{\"@id\":\"https:\/\/blog.visual-paradigm.com\/vn\/#website\"},\"datePublished\":\"2020-10-27T08:13:06+00:00\",\"dateModified\":\"2022-10-19T02:27:53+00:00\",\"breadcrumb\":{\"@id\":\"https:\/\/blog.visual-paradigm.com\/vn\/#breadcrumb\"},\"inLanguage\":\"vi\",\"potentialAction\":[{\"@type\":\"ReadAction\",\"target\":[\"https:\/\/blog.visual-paradigm.com\/vn\/\"]}]},{\"@type\":\"BreadcrumbList\",\"@id\":\"https:\/\/blog.visual-paradigm.com\/vn\/#breadcrumb\",\"itemListElement\":[{\"@type\":\"ListItem\",\"position\":1,\"name\":\"Home\",\"item\":\"https:\/\/blog.visual-paradigm.com\/vn\/\"},{\"@type\":\"ListItem\",\"position\":2,\"name\":\"Home\"}]},{\"@type\":\"WebSite\",\"@id\":\"https:\/\/blog.visual-paradigm.com\/vn\/#website\",\"url\":\"https:\/\/blog.visual-paradigm.com\/vn\/\",\"name\":\"Visual Paradigm Blog\",\"description\":\"\",\"potentialAction\":[{\"@type\":\"SearchAction\",\"target\":{\"@type\":\"EntryPoint\",\"urlTemplate\":\"https:\/\/blog.visual-paradigm.com\/vn\/?s={search_term_string}\"},\"query-input\":{\"@type\":\"PropertyValueSpecification\",\"valueRequired\":true,\"valueName\":\"search_term_string\"}}],\"inLanguage\":\"vi\"}]}<\/script>\n<!-- \/ Yoast SEO plugin. -->","yoast_head_json":{"title":"Home - Visual Paradigm Blog","robots":{"index":"index","follow":"follow","max-snippet":"max-snippet:-1","max-image-preview":"max-image-preview:large","max-video-preview":"max-video-preview:-1"},"canonical":"https:\/\/blog.visual-paradigm.com\/vn\/","og_locale":"vi_VN","og_type":"article","og_title":"Home - Visual Paradigm Blog","og_url":"https:\/\/blog.visual-paradigm.com\/vn\/","og_site_name":"Visual Paradigm Blog","article_modified_time":"2022-10-19T02:27:53+00:00","twitter_card":"summary_large_image","twitter_misc":{"\u01af\u1edbc t\u00ednh th\u1eddi gian \u0111\u1ecdc":"1 ph\u00fat"},"schema":{"@context":"https:\/\/schema.org","@graph":[{"@type":"WebPage","@id":"https:\/\/blog.visual-paradigm.com\/vn\/","url":"https:\/\/blog.visual-paradigm.com\/vn\/","name":"Home - Visual Paradigm Blog","isPartOf":{"@id":"https:\/\/blog.visual-paradigm.com\/vn\/#website"},"datePublished":"2020-10-27T08:13:06+00:00","dateModified":"2022-10-19T02:27:53+00:00","breadcrumb":{"@id":"https:\/\/blog.visual-paradigm.com\/vn\/#breadcrumb"},"inLanguage":"vi","potentialAction":[{"@type":"ReadAction","target":["https:\/\/blog.visual-paradigm.com\/vn\/"]}]},{"@type":"BreadcrumbList","@id":"https:\/\/blog.visual-paradigm.com\/vn\/#breadcrumb","itemListElement":[{"@type":"ListItem","position":1,"name":"Home","item":"https:\/\/blog.visual-paradigm.com\/vn\/"},{"@type":"ListItem","position":2,"name":"Home"}]},{"@type":"WebSite","@id":"https:\/\/blog.visual-paradigm.com\/vn\/#website","url":"https:\/\/blog.visual-paradigm.com\/vn\/","name":"Visual Paradigm Blog","description":"","potentialAction":[{"@type":"SearchAction","target":{"@type":"EntryPoint","urlTemplate":"https:\/\/blog.visual-paradigm.com\/vn\/?s={search_term_string}"},"query-input":{"@type":"PropertyValueSpecification","valueRequired":true,"valueName":"search_term_string"}}],"inLanguage":"vi"}]}},"_links":{"self":[{"href":"https:\/\/blog.visual-paradigm.com\/vn\/wp-json\/wp\/v2\/pages\/212","targetHints":{"allow":["GET"]}}],"collection":[{"href":"https:\/\/blog.visual-paradigm.com\/vn\/wp-json\/wp\/v2\/pages"}],"about":[{"href":"https:\/\/blog.visual-paradigm.com\/vn\/wp-json\/wp\/v2\/types\/page"}],"author":[{"embeddable":true,"href":"https:\/\/blog.visual-paradigm.com\/vn\/wp-json\/wp\/v2\/users\/1"}],"replies":[{"embeddable":true,"href":"https:\/\/blog.visual-paradigm.com\/vn\/wp-json\/wp\/v2\/comments?post=212"}],"version-history":[{"count":84,"href":"https:\/\/blog.visual-paradigm.com\/vn\/wp-json\/wp\/v2\/pages\/212\/revisions"}],"predecessor-version":[{"id":8744,"href":"https:\/\/blog.visual-paradigm.com\/vn\/wp-json\/wp\/v2\/pages\/212\/revisions\/8744"}],"wp:attachment":[{"href":"https:\/\/blog.visual-paradigm.com\/vn\/wp-json\/wp\/v2\/media?parent=212"}],"curies":[{"name":"wp","href":"https:\/\/api.w.org\/{rel}","templated":true}]}}